{"id":1603,"date":"2024-08-25T14:19:37","date_gmt":"2024-08-25T14:19:37","guid":{"rendered":"https:\/\/www.viscardi.ch\/USA2024\/?page_id=1603"},"modified":"2024-09-04T06:29:23","modified_gmt":"2024-09-04T06:29:23","slug":"240916-tagesmotto-aaaa","status":"publish","type":"page","link":"https:\/\/www.viscardi.ch\/USA2024\/240916-tagesmotto-aaaa\/","title":{"rendered":"1 | SO 240915"},"content":{"rendered":"\n<p>Heute geht&#8217;s von Basel \u00fcber die Burgunder Pforte per Autobahn ins Burgund. Statt in den grossen St\u00e4dten machen wir in Dole halt und lassen uns etwas vom burgundischen flair bezaubern. Danach geht&#8217;s \u00fcber Land wo wir St\u00e4dtchen und Chateaus erkunden werden. Je nach Zeit k\u00f6nnen wir uns etwas mehr oder weniger anschauen. Am Abend machen wir dann im &#8222;Clos Marie&#8220; halt: eine coole Location um den Beginn unserer Ferien geb\u00fchrend zu feiern!<\/p>\n\n\n\n<hr class=\"wp-block-separator has-alpha-channel-opacity\"\/>\n\n\n\n<h2 class=\"wp-block-heading\">Route<\/h2>\n\n\n\n<figure class=\"wp-block-image size-large\"><img loading=\"lazy\" decoding=\"async\" width=\"1024\" height=\"670\" src=\"https:\/\/www.viscardi.ch\/USA2024\/wp-content\/uploads\/2024\/08\/image-13-1024x670.png\" alt=\"\" class=\"wp-image-1751\" srcset=\"https:\/\/www.viscardi.ch\/USA2024\/wp-content\/uploads\/2024\/08\/image-13-1024x670.png 1024w, https:\/\/www.viscardi.ch\/USA2024\/wp-content\/uploads\/2024\/08\/image-13-300x196.png 300w, https:\/\/www.viscardi.ch\/USA2024\/wp-content\/uploads\/2024\/08\/image-13-768x503.png 768w, https:\/\/www.viscardi.ch\/USA2024\/wp-content\/uploads\/2024\/08\/image-13-1536x1005.png 1536w, https:\/\/www.viscardi.ch\/USA2024\/wp-content\/uploads\/2024\/08\/image-13-2048x1340.png 2048w, https:\/\/www.viscardi.ch\/USA2024\/wp-content\/uploads\/2024\/08\/image-13-1000x654.png 1000w, https:\/\/www.viscardi.ch\/USA2024\/wp-content\/uploads\/2024\/08\/image-13-230x151.png 230w, https:\/\/www.viscardi.ch\/USA2024\/wp-content\/uploads\/2024\/08\/image-13-350x229.png 350w, https:\/\/www.viscardi.ch\/USA2024\/wp-content\/uploads\/2024\/08\/image-13-480x314.png 480w\" sizes=\"(max-width: 1024px) 100vw, 1024px\" \/><\/figure>\n\n\n\n<figure class=\"wp-block-embed is-type-wp-embed is-provider-occitanie-2024 wp-block-embed-occitanie-2024\"><div class=\"wp-block-embed__wrapper\">\n<blockquote class=\"wp-embedded-content\" data-secret=\"QvoqKPW478\"><a href=\"https:\/\/www.viscardi.ch\/USA2024\/route-yyyyyy\/\">ROUTE 240915<\/a><\/blockquote><iframe loading=\"lazy\" class=\"wp-embedded-content\" sandbox=\"allow-scripts\" security=\"restricted\" style=\"position: absolute; visibility: hidden;\" title=\"&#8222;ROUTE 240915&#8220; &#8212; Occitanie 2024\" src=\"https:\/\/www.viscardi.ch\/USA2024\/route-yyyyyy\/embed\/#?secret=zm92spBejd#?secret=QvoqKPW478\" data-secret=\"QvoqKPW478\" width=\"600\" height=\"338\" frameborder=\"0\" marginwidth=\"0\" marginheight=\"0\" scrolling=\"no\"><\/iframe>\n<\/div><\/figure>\n\n\n\n<h2 class=\"wp-block-heading\">Zeitplan<\/h2>\n\n\n\n<pre class=\"wp-block-preformatted\" style=\"font-size:15px\">08:30 bis 11:00 \u23ed\ufe0f Basel - Dole (est 02:18| pld 02:30| 215km)\n\n11:00 bis 12:30 \ud83c\udff0 Dole inkl Mittagessen  (est 00:30| pld 01:30)\n<\/pre>\n\n\n\n<figure class=\"wp-block-embed is-type-wp-embed is-provider-occitanie-2024 wp-block-embed-occitanie-2024\"><div class=\"wp-block-embed__wrapper\">\n<blockquote class=\"wp-embedded-content\" data-secret=\"h1nc2mWYiv\"><a href=\"https:\/\/www.viscardi.ch\/USA2024\/sehenswuerdigkeit-yyyy\/\">D\u00f4le<\/a><\/blockquote><iframe loading=\"lazy\" class=\"wp-embedded-content\" sandbox=\"allow-scripts\" security=\"restricted\" style=\"position: absolute; visibility: hidden;\" title=\"&#8222;D\u00f4le&#8220; &#8212; Occitanie 2024\" src=\"https:\/\/www.viscardi.ch\/USA2024\/sehenswuerdigkeit-yyyy\/embed\/#?secret=5DElPPvyt9#?secret=h1nc2mWYiv\" data-secret=\"h1nc2mWYiv\" width=\"600\" height=\"338\" frameborder=\"0\" marginwidth=\"0\" marginheight=\"0\" scrolling=\"no\"><\/iframe>\n<\/div><\/figure>\n\n\n\n<pre class=\"wp-block-preformatted\" style=\"font-size:15px\">12:30 bis 14:15 \u25b6\ufe0f Dole - Brancio (est 01:41| pld 01:45| 98km)<br><br>14:15 bis 14:45 \ud83c\udff0 Brancion (est 00:30| pld 00:30)<br><\/pre>\n\n\n\n<figure class=\"wp-block-embed is-type-wp-embed is-provider-occitanie-2024 wp-block-embed-occitanie-2024\"><div class=\"wp-block-embed__wrapper\">\n<blockquote class=\"wp-embedded-content\" data-secret=\"2Ua72fFJW0\"><a href=\"https:\/\/www.viscardi.ch\/USA2024\/brancion\/\">Brancion<\/a><\/blockquote><iframe loading=\"lazy\" class=\"wp-embedded-content\" sandbox=\"allow-scripts\" security=\"restricted\" style=\"position: absolute; visibility: hidden;\" title=\"&#8222;Brancion&#8220; &#8212; Occitanie 2024\" src=\"https:\/\/www.viscardi.ch\/USA2024\/brancion\/embed\/#?secret=tBhoMqoeTO#?secret=2Ua72fFJW0\" data-secret=\"2Ua72fFJW0\" width=\"600\" height=\"338\" frameborder=\"0\" marginwidth=\"0\" marginheight=\"0\" scrolling=\"no\"><\/iframe>\n<\/div><\/figure>\n\n\n\n<pre class=\"wp-block-preformatted\" style=\"font-size:15px\">14:45 bis 15:15 \u25b6\ufe0f Brancion - Chateau de Cormatin (est 00:17| pld 00:30| 12km)<br><br>15:15 bis 16:15 \ud83c\udff0 Chateau de Cormatin (est 00:45| pld 01:00)<\/pre>\n\n\n\n<figure class=\"wp-block-embed is-type-wp-embed is-provider-occitanie-2024 wp-block-embed-occitanie-2024\"><div class=\"wp-block-embed__wrapper\">\n<blockquote class=\"wp-embedded-content\" data-secret=\"nCF1qyfZuV\"><a href=\"https:\/\/www.viscardi.ch\/USA2024\/chateau-de-cormatin\/\">Chateau de Cormatin<\/a><\/blockquote><iframe loading=\"lazy\" class=\"wp-embedded-content\" sandbox=\"allow-scripts\" security=\"restricted\" style=\"position: absolute; visibility: hidden;\" title=\"&#8222;Chateau de Cormatin&#8220; &#8212; Occitanie 2024\" src=\"https:\/\/www.viscardi.ch\/USA2024\/chateau-de-cormatin\/embed\/#?secret=P5OODbSDqe#?secret=nCF1qyfZuV\" data-secret=\"nCF1qyfZuV\" width=\"600\" height=\"338\" frameborder=\"0\" marginwidth=\"0\" marginheight=\"0\" scrolling=\"no\"><\/iframe>\n<\/div><\/figure>\n\n\n\n<pre class=\"wp-block-preformatted has-black-color has-text-color has-link-color wp-elements-71b5b5917d26592d3514007fab2eb806\" style=\"font-size:15px\">16:15 bis 17:30 \u25b6\ufe0f Chateau de Cormatin - Semur en Brionnais (est 01:11| pld 01:15| 68km)<br><br>\u274c17:30 \ud83c\udff0 Semur en Brionnais (est 00:30| pld 00:00)\u274c<\/pre>\n\n\n\n<figure class=\"wp-block-embed is-type-wp-embed is-provider-occitanie-2024 wp-block-embed-occitanie-2024\"><div class=\"wp-block-embed__wrapper\">\n<blockquote class=\"wp-embedded-content\" data-secret=\"Tns76YudOM\"><a href=\"https:\/\/www.viscardi.ch\/USA2024\/semur-en-brionnais\/\">Semur-en-Brionnais<\/a><\/blockquote><iframe loading=\"lazy\" class=\"wp-embedded-content\" sandbox=\"allow-scripts\" security=\"restricted\" style=\"position: absolute; visibility: hidden;\" title=\"&#8222;Semur-en-Brionnais&#8220; &#8212; Occitanie 2024\" src=\"https:\/\/www.viscardi.ch\/USA2024\/semur-en-brionnais\/embed\/#?secret=sr3VwgKmIv#?secret=Tns76YudOM\" data-secret=\"Tns76YudOM\" width=\"600\" height=\"338\" frameborder=\"0\" marginwidth=\"0\" marginheight=\"0\" scrolling=\"no\"><\/iframe>\n<\/div><\/figure>\n\n\n\n<pre class=\"wp-block-preformatted\" style=\"font-size:15px\">17:30 bis 18:00 \u25b6\ufe0f Semur en Brionnais - Iguarande (est 00:14| pld 00:15| 13km)<\/pre>\n\n\n\n<pre class=\"wp-block-preformatted\" style=\"font-size:15px\">17:45 bis 09:45 \ud83c\udfe8 Clos Marie (CHF 237.-, ab 17:00 \/ bis 11:00) (Tag 1\/2)<br>Bas d'Iguerande Rue du Four \u00e0 Chaux, Iguerande<\/pre>\n\n\n\n<figure class=\"wp-block-embed is-type-wp-embed is-provider-occitanie-2024 wp-block-embed-occitanie-2024\"><div class=\"wp-block-embed__wrapper\">\n<blockquote class=\"wp-embedded-content\" data-secret=\"ZZgMx2nJSP\"><a href=\"https:\/\/www.viscardi.ch\/USA2024\/stay-zzzzz\/\">Iguerande<\/a><\/blockquote><iframe loading=\"lazy\" class=\"wp-embedded-content\" sandbox=\"allow-scripts\" security=\"restricted\" style=\"position: absolute; visibility: hidden;\" title=\"&#8222;Iguerande&#8220; &#8212; Occitanie 2024\" src=\"https:\/\/www.viscardi.ch\/USA2024\/stay-zzzzz\/embed\/#?secret=cqxGPer9Sl#?secret=ZZgMx2nJSP\" data-secret=\"ZZgMx2nJSP\" width=\"600\" height=\"338\" frameborder=\"0\" marginwidth=\"0\" marginheight=\"0\" scrolling=\"no\"><\/iframe>\n<\/div><\/figure>\n\n\n\n<pre class=\"wp-block-preformatted\" style=\"font-size:15px\">17:45 bis 18:15 \ud83c\udfe8 CHECKIN Les Clos(est 00:30| pld 00:30)<\/pre>\n\n\n\n<pre class=\"wp-block-preformatted\" style=\"font-size:15px\">18:15 bis 19:00 \ud83d\ude0e RELAX (est 00:30| pld 00:45)<\/pre>\n\n\n\n<pre class=\"wp-block-preformatted\" style=\"font-size:15px\">19:00 bis 21:00 \ud83e\udd69 DINNER (est 01:30| pld 02:00)<\/pre>\n","protected":false},"excerpt":{"rendered":"<p>Heute geht&#8217;s von Basel \u00fcber die Burgunder Pforte per Autobahn ins Burgund. Statt in den grossen St\u00e4dten machen wir in Dole halt und lassen uns etwas vom burgundischen flair bezaubern. Danach geht&#8217;s \u00fcber Land wo wir St\u00e4dtchen und Chateaus erkunden werden. Je nach Zeit k\u00f6nnen wir uns etwas mehr oder [&hellip;]<\/p>\n","protected":false},"author":1,"featured_media":1739,"parent":0,"menu_order":0,"comment_status":"closed","ping_status":"closed","template":"","meta":{"pgc_sgb_lightbox_settings":"","footnotes":""},"class_list":["post-1603","page","type-page","status-publish","has-post-thumbnail","hentry"],"_links":{"self":[{"href":"https:\/\/www.viscardi.ch\/USA2024\/wp-json\/wp\/v2\/pages\/1603"}],"collection":[{"href":"https:\/\/www.viscardi.ch\/USA2024\/wp-json\/wp\/v2\/pages"}],"about":[{"href":"https:\/\/www.viscardi.ch\/USA2024\/wp-json\/wp\/v2\/types\/page"}],"author":[{"embeddable":true,"href":"https:\/\/www.viscardi.ch\/USA2024\/wp-json\/wp\/v2\/users\/1"}],"replies":[{"embeddable":true,"href":"https:\/\/www.viscardi.ch\/USA2024\/wp-json\/wp\/v2\/comments?post=1603"}],"version-history":[{"count":21,"href":"https:\/\/www.viscardi.ch\/USA2024\/wp-json\/wp\/v2\/pages\/1603\/revisions"}],"predecessor-version":[{"id":1828,"href":"https:\/\/www.viscardi.ch\/USA2024\/wp-json\/wp\/v2\/pages\/1603\/revisions\/1828"}],"wp:featuredmedia":[{"embeddable":true,"href":"https:\/\/www.viscardi.ch\/USA2024\/wp-json\/wp\/v2\/media\/1739"}],"wp:attachment":[{"href":"https:\/\/www.viscardi.ch\/USA2024\/wp-json\/wp\/v2\/media?parent=1603"}],"curies":[{"name":"wp","href":"https:\/\/api.w.org\/{rel}","templated":true}]}}