{"id":1619,"date":"2024-08-25T14:43:14","date_gmt":"2024-08-25T14:43:14","guid":{"rendered":"https:\/\/www.viscardi.ch\/USA2024\/?page_id=1619"},"modified":"2024-08-26T06:15:42","modified_gmt":"2024-08-26T06:15:42","slug":"overview","status":"publish","type":"page","link":"https:\/\/www.viscardi.ch\/USA2024\/","title":{"rendered":"Overview"},"content":{"rendered":"\n<figure class=\"wp-block-image size-large is-resized\"><img loading=\"lazy\" decoding=\"async\" width=\"1024\" height=\"585\" src=\"https:\/\/www.viscardi.ch\/USA2024\/wp-content\/uploads\/2024\/08\/IMG_0172-1024x585.png\" alt=\"\" class=\"wp-image-1670\" style=\"width:788px;height:auto\" srcset=\"https:\/\/www.viscardi.ch\/USA2024\/wp-content\/uploads\/2024\/08\/IMG_0172-1024x585.png 1024w, https:\/\/www.viscardi.ch\/USA2024\/wp-content\/uploads\/2024\/08\/IMG_0172-300x171.png 300w, https:\/\/www.viscardi.ch\/USA2024\/wp-content\/uploads\/2024\/08\/IMG_0172-768x439.png 768w, https:\/\/www.viscardi.ch\/USA2024\/wp-content\/uploads\/2024\/08\/IMG_0172-1536x878.png 1536w, https:\/\/www.viscardi.ch\/USA2024\/wp-content\/uploads\/2024\/08\/IMG_0172-2048x1170.png 2048w, https:\/\/www.viscardi.ch\/USA2024\/wp-content\/uploads\/2024\/08\/IMG_0172-1000x571.png 1000w, https:\/\/www.viscardi.ch\/USA2024\/wp-content\/uploads\/2024\/08\/IMG_0172-230x131.png 230w, https:\/\/www.viscardi.ch\/USA2024\/wp-content\/uploads\/2024\/08\/IMG_0172-350x200.png 350w, https:\/\/www.viscardi.ch\/USA2024\/wp-content\/uploads\/2024\/08\/IMG_0172-480x274.png 480w\" sizes=\"(max-width: 1024px) 100vw, 1024px\" \/><figcaption class=\"wp-element-caption\">(C) by FireFly<\/figcaption><\/figure>\n\n\n\n<p>Diese Website dokumentiert unsere Reise nach Okkzidentanien, die Region Midi-Pyrenees und Languedoc-Roussilon, in Frankreich:<\/p>\n\n\n\n<div class=\"wp-block-columns is-layout-flex wp-container-core-columns-is-layout-1 wp-block-columns-is-layout-flex\">\n<div class=\"wp-block-column is-layout-flow wp-block-column-is-layout-flow\" style=\"flex-basis:33.33%\">\n<p><a href=\"https:\/\/www.viscardi.ch\/USA2024\/\" data-type=\"page\" data-id=\"1619\">Overview<\/a><br><a href=\"https:\/\/www.viscardi.ch\/USA2024\/daybyday\/\" data-type=\"page\" data-id=\"1620\">DayByDay<\/a><br><a href=\"https:\/\/www.viscardi.ch\/USA2024\/poi\/\" data-type=\"page\" data-id=\"1621\">POI<\/a><br><a href=\"https:\/\/www.viscardi.ch\/USA2024\/routes\/\" data-type=\"page\" data-id=\"1622\">Routes<\/a><br><a href=\"https:\/\/www.viscardi.ch\/USA2024\/stays\/\" data-type=\"page\" data-id=\"1623\">Stays<\/a><br><a href=\"https:\/\/www.viscardi.ch\/USA2024\/support\/\" data-type=\"page\" data-id=\"1624\">Support<\/a><\/p>\n<\/div>\n\n\n\n<div class=\"wp-block-column is-layout-flow wp-block-column-is-layout-flow\" style=\"flex-basis:66.66%\">\n<p>\u00dcbersicht \u00fcber die gesamte Reise<br>\u00dcbersicht f\u00fcr jeden Tag<br>Sehensw\u00fcrdigkeiten &amp; Aktivit\u00e4ten<br>Fahrtstrecken<br>\u00dcbernachtungen<br>Erkl\u00e4rungen und Hilfe<\/p>\n<\/div>\n<\/div>\n\n\n\n<figure class=\"wp-block-image size-full is-style-default\"><img loading=\"lazy\" decoding=\"async\" width=\"2716\" height=\"2488\" src=\"https:\/\/www.viscardi.ch\/USA2024\/wp-content\/uploads\/2024\/08\/Bildschirmfoto-2024-08-26-um-08.11.39.png\" alt=\"\" class=\"wp-image-1675\" srcset=\"https:\/\/www.viscardi.ch\/USA2024\/wp-content\/uploads\/2024\/08\/Bildschirmfoto-2024-08-26-um-08.11.39.png 2716w, https:\/\/www.viscardi.ch\/USA2024\/wp-content\/uploads\/2024\/08\/Bildschirmfoto-2024-08-26-um-08.11.39-300x275.png 300w, https:\/\/www.viscardi.ch\/USA2024\/wp-content\/uploads\/2024\/08\/Bildschirmfoto-2024-08-26-um-08.11.39-1024x938.png 1024w, https:\/\/www.viscardi.ch\/USA2024\/wp-content\/uploads\/2024\/08\/Bildschirmfoto-2024-08-26-um-08.11.39-768x704.png 768w, https:\/\/www.viscardi.ch\/USA2024\/wp-content\/uploads\/2024\/08\/Bildschirmfoto-2024-08-26-um-08.11.39-1536x1407.png 1536w, https:\/\/www.viscardi.ch\/USA2024\/wp-content\/uploads\/2024\/08\/Bildschirmfoto-2024-08-26-um-08.11.39-2048x1876.png 2048w, https:\/\/www.viscardi.ch\/USA2024\/wp-content\/uploads\/2024\/08\/Bildschirmfoto-2024-08-26-um-08.11.39-1000x916.png 1000w, https:\/\/www.viscardi.ch\/USA2024\/wp-content\/uploads\/2024\/08\/Bildschirmfoto-2024-08-26-um-08.11.39-230x211.png 230w, https:\/\/www.viscardi.ch\/USA2024\/wp-content\/uploads\/2024\/08\/Bildschirmfoto-2024-08-26-um-08.11.39-350x321.png 350w, https:\/\/www.viscardi.ch\/USA2024\/wp-content\/uploads\/2024\/08\/Bildschirmfoto-2024-08-26-um-08.11.39-480x440.png 480w\" sizes=\"(max-width: 2716px) 100vw, 2716px\" \/><figcaption class=\"wp-element-caption\">Routen\u00fcbersicht mit den je vier Fokus- und Durchfahrtsregionen<\/figcaption><\/figure>\n","protected":false},"excerpt":{"rendered":"<p>Diese Website dokumentiert unsere Reise nach Okkzidentanien, die Region Midi-Pyrenees und Languedoc-Roussilon, in Frankreich: OverviewDayByDayPOIRoutesStaysSupport \u00dcbersicht \u00fcber die gesamte Reise\u00dcbersicht f\u00fcr jeden TagSehensw\u00fcrdigkeiten &amp; Aktivit\u00e4tenFahrtstrecken\u00dcbernachtungenErkl\u00e4rungen und Hilfe<\/p>\n","protected":false},"author":1,"featured_media":0,"parent":0,"menu_order":0,"comment_status":"closed","ping_status":"closed","template":"","meta":{"pgc_sgb_lightbox_settings":"","footnotes":""},"class_list":["post-1619","page","type-page","status-publish","hentry"],"_links":{"self":[{"href":"https:\/\/www.viscardi.ch\/USA2024\/wp-json\/wp\/v2\/pages\/1619"}],"collection":[{"href":"https:\/\/www.viscardi.ch\/USA2024\/wp-json\/wp\/v2\/pages"}],"about":[{"href":"https:\/\/www.viscardi.ch\/USA2024\/wp-json\/wp\/v2\/types\/page"}],"author":[{"embeddable":true,"href":"https:\/\/www.viscardi.ch\/USA2024\/wp-json\/wp\/v2\/users\/1"}],"replies":[{"embeddable":true,"href":"https:\/\/www.viscardi.ch\/USA2024\/wp-json\/wp\/v2\/comments?post=1619"}],"version-history":[{"count":7,"href":"https:\/\/www.viscardi.ch\/USA2024\/wp-json\/wp\/v2\/pages\/1619\/revisions"}],"predecessor-version":[{"id":1679,"href":"https:\/\/www.viscardi.ch\/USA2024\/wp-json\/wp\/v2\/pages\/1619\/revisions\/1679"}],"wp:attachment":[{"href":"https:\/\/www.viscardi.ch\/USA2024\/wp-json\/wp\/v2\/media?parent=1619"}],"curies":[{"name":"wp","href":"https:\/\/api.w.org\/{rel}","templated":true}]}}