{"id":1711,"date":"2024-08-26T15:35:08","date_gmt":"2024-08-26T15:35:08","guid":{"rendered":"https:\/\/www.viscardi.ch\/USA2024\/?page_id=1711"},"modified":"2024-08-26T15:35:08","modified_gmt":"2024-08-26T15:35:08","slug":"chateau-de-cormatin","status":"publish","type":"page","link":"https:\/\/www.viscardi.ch\/USA2024\/chateau-de-cormatin\/","title":{"rendered":"Chateau de Cormatin"},"content":{"rendered":"\n<h4 class=\"wp-block-heading\">Referenzen<\/h4>\n\n\n\n<p><a href=\"https:\/\/de.wikipedia.org\/wiki\/Schloss_Cormatin\">Wikipedia<\/a><br><a href=\"https:\/\/chateaudecormatin.com\/\">Chateau de Cormatin<\/a><\/p>\n\n\n\n<h4 class=\"wp-block-heading\">Einleitung<\/h4>\n\n\n\n<p>Das&nbsp;<strong>Schloss Cormatin<\/strong>&nbsp;ist ein&nbsp;<a href=\"https:\/\/de.wikipedia.org\/wiki\/Schloss_(Architektur)\">Schloss<\/a>&nbsp;in der&nbsp;<a href=\"https:\/\/de.wikipedia.org\/wiki\/Gemeinde_(Frankreich)\">Gemeinde<\/a>&nbsp;<a href=\"https:\/\/de.wikipedia.org\/wiki\/Cormatin\">Cormatin<\/a>&nbsp;im&nbsp;<a href=\"https:\/\/de.wikipedia.org\/wiki\/D%C3%A9partement_Sa%C3%B4ne-et-Loire\">D\u00e9partement Sa\u00f4ne-et-Loire<\/a>&nbsp;der&nbsp;<a href=\"https:\/\/de.wikipedia.org\/wiki\/Frankreich\">franz\u00f6sischen<\/a>&nbsp;Region&nbsp;<a href=\"https:\/\/de.wikipedia.org\/wiki\/Bourgogne-Franche-Comt%C3%A9\">Bourgogne-Franche-Comt\u00e9<\/a>. Es befindet sich auf einer Insel im Fluss&nbsp;<a href=\"https:\/\/de.wikipedia.org\/wiki\/Grosne_(Fluss)\">Grosne<\/a>.<\/p>\n\n\n\n<figure class=\"wp-block-image size-large\"><img loading=\"lazy\" decoding=\"async\" width=\"1024\" height=\"286\" src=\"https:\/\/www.viscardi.ch\/USA2024\/wp-content\/uploads\/2024\/08\/image-8-1024x286.png\" alt=\"\" class=\"wp-image-1713\" srcset=\"https:\/\/www.viscardi.ch\/USA2024\/wp-content\/uploads\/2024\/08\/image-8-1024x286.png 1024w, https:\/\/www.viscardi.ch\/USA2024\/wp-content\/uploads\/2024\/08\/image-8-300x84.png 300w, https:\/\/www.viscardi.ch\/USA2024\/wp-content\/uploads\/2024\/08\/image-8-768x215.png 768w, https:\/\/www.viscardi.ch\/USA2024\/wp-content\/uploads\/2024\/08\/image-8-1536x429.png 1536w, https:\/\/www.viscardi.ch\/USA2024\/wp-content\/uploads\/2024\/08\/image-8-2048x572.png 2048w, https:\/\/www.viscardi.ch\/USA2024\/wp-content\/uploads\/2024\/08\/image-8-1000x279.png 1000w, https:\/\/www.viscardi.ch\/USA2024\/wp-content\/uploads\/2024\/08\/image-8-230x64.png 230w, https:\/\/www.viscardi.ch\/USA2024\/wp-content\/uploads\/2024\/08\/image-8-350x98.png 350w, https:\/\/www.viscardi.ch\/USA2024\/wp-content\/uploads\/2024\/08\/image-8-480x134.png 480w\" sizes=\"(max-width: 1024px) 100vw, 1024px\" \/><\/figure>\n\n\n\n<p>Aus der Errichtungszeit im 17.&nbsp;Jahrhundert sind noch einige architektonischen Details erhalten. Das&nbsp;<a href=\"https:\/\/de.wikipedia.org\/wiki\/Schloss_(Architektur)\">Schloss<\/a>&nbsp;wurde bereits 1862 als&nbsp;<a href=\"https:\/\/de.wikipedia.org\/wiki\/Monument_historique\">Monument historique<\/a>&nbsp;klassifiziert und damit unter&nbsp;<a href=\"https:\/\/de.wikipedia.org\/wiki\/Denkmalschutz\">Denkmalschutz<\/a>&nbsp;gestellt.<sup><a href=\"https:\/\/de.wikipedia.org\/wiki\/Schloss_Cormatin#cite_note-merimee-1\">[1]<\/a><\/sup>&nbsp;Es kann im Rahmen von Schlossf\u00fchrungen besichtigt werden und z\u00e4hlt j\u00e4hrlich rund 70.000 Besucher.<\/p>\n\n\n\n<p>Erbaut wurde Schloss Cormatin ab 1605 von Antoine du Bl\u00e9 d\u2019Huxelles, einem Kleinadligen, der als Heerf\u00fchrer in den&nbsp;<a href=\"https:\/\/de.wikipedia.org\/wiki\/Hugenottenkriege\">Hugenottenkriegen<\/a>&nbsp;zu Reichtum gekommen und zum Milit\u00e4rgouverneur von&nbsp;<a href=\"https:\/\/de.wikipedia.org\/wiki\/Chalon-sur-Sa%C3%B4ne\">Chalon-sur-Sa\u00f4ne<\/a>&nbsp;ernannt worden war. Das Schloss wurde im Stil der&nbsp;<a href=\"https:\/\/de.wikipedia.org\/wiki\/Renaissance\">Renaissance<\/a>&nbsp;auf den Fundamenten eines&nbsp;<a href=\"https:\/\/de.wikipedia.org\/wiki\/Mittelalter\">mittelalterlichen<\/a>&nbsp;Vorg\u00e4ngerbaus aus dem 13.&nbsp;Jahrhundert errichtet, mit bestimmten milit\u00e4rarchitektonischen Besonderheiten, wie zum Beispiel Eckt\u00fcrmen und&nbsp;<a href=\"https:\/\/de.wikipedia.org\/wiki\/Schie%C3%9Fscharte\">Schie\u00dfscharten<\/a>, als Ausdruck der neuen Stellung des Erbauers. Antoines Sohn Jacques du Bl\u00e9 vollendete den Innenausbau im Jahr 1625.<\/p>\n\n\n\n<p>Im Laufe seiner Geschichte empfing das Schloss schon mehrere hochgestellte G\u00e4ste: Staatsm\u00e4nner wie&nbsp;<a href=\"https:\/\/de.wikipedia.org\/wiki\/Ludwig_XIII.\">Ludwig XIII.<\/a>,&nbsp;<a href=\"https:\/\/de.wikipedia.org\/wiki\/Armand-Jean_du_Plessis,_duc_de_Richelieu\">Richelieu<\/a>&nbsp;oder&nbsp;<a href=\"https:\/\/de.wikipedia.org\/wiki\/Fran%C3%A7ois_Mitterrand\">Fran\u00e7ois Mitterrand<\/a>&nbsp;besuchten die Anlage und \u00fcbernachteten dort.<\/p>\n\n\n\n<h4 class=\"wp-block-heading\">Sehensw\u00fcrdigkeiten<\/h4>\n\n\n\n<p>Das Video gibt einen guten Eindruck \u00fcber die Sch\u00f6nheiten des Schlosses:<\/p>\n\n\n\n<figure class=\"wp-block-embed is-type-video is-provider-youtube wp-block-embed-youtube wp-embed-aspect-16-9 wp-has-aspect-ratio\"><div class=\"wp-block-embed__wrapper\">\n<iframe loading=\"lazy\" title=\"Chateau de Cormatin\" width=\"1170\" height=\"658\" src=\"https:\/\/www.youtube.com\/embed\/zhS1cPMIhBU?feature=oembed\" frameborder=\"0\" allow=\"accelerometer; autoplay; clipboard-write; encrypted-media; gyroscope; picture-in-picture; web-share\" referrerpolicy=\"strict-origin-when-cross-origin\" allowfullscreen><\/iframe>\n<\/div><\/figure>\n\n\n\n<h4 class=\"wp-block-heading\"><a href=\"https:\/\/chateaudecormatin.com\/la-visite\">\u00d6ffnungszeiten<\/a><\/h4>\n\n\n\n<p>10h \u00e0 12h* et 14h \u00e0 17h30* \/ Eintritt EUR 13.- \/ EUR 9.- f\u00fcr einen Teil; es werden 1:00 bis 1:30 gebraucht um sich alles anzusehen<\/p>\n","protected":false},"excerpt":{"rendered":"<p>Referenzen WikipediaChateau de Cormatin Einleitung Das&nbsp;Schloss Cormatin&nbsp;ist ein&nbsp;Schloss&nbsp;in der&nbsp;Gemeinde&nbsp;Cormatin&nbsp;im&nbsp;D\u00e9partement Sa\u00f4ne-et-Loire&nbsp;der&nbsp;franz\u00f6sischen&nbsp;Region&nbsp;Bourgogne-Franche-Comt\u00e9. Es befindet sich auf einer Insel im Fluss&nbsp;Grosne. Aus der Errichtungszeit im 17.&nbsp;Jahrhundert sind noch einige architektonischen Details erhalten. Das&nbsp;Schloss&nbsp;wurde bereits 1862 als&nbsp;Monument historique&nbsp;klassifiziert und damit unter&nbsp;Denkmalschutz&nbsp;gestellt.[1]&nbsp;Es kann im Rahmen von Schlossf\u00fchrungen besichtigt werden und z\u00e4hlt j\u00e4hrlich rund 70.000 Besucher. [&hellip;]<\/p>\n","protected":false},"author":1,"featured_media":1712,"parent":0,"menu_order":0,"comment_status":"closed","ping_status":"closed","template":"","meta":{"pgc_sgb_lightbox_settings":"","footnotes":""},"class_list":["post-1711","page","type-page","status-publish","has-post-thumbnail","hentry"],"_links":{"self":[{"href":"https:\/\/www.viscardi.ch\/USA2024\/wp-json\/wp\/v2\/pages\/1711"}],"collection":[{"href":"https:\/\/www.viscardi.ch\/USA2024\/wp-json\/wp\/v2\/pages"}],"about":[{"href":"https:\/\/www.viscardi.ch\/USA2024\/wp-json\/wp\/v2\/types\/page"}],"author":[{"embeddable":true,"href":"https:\/\/www.viscardi.ch\/USA2024\/wp-json\/wp\/v2\/users\/1"}],"replies":[{"embeddable":true,"href":"https:\/\/www.viscardi.ch\/USA2024\/wp-json\/wp\/v2\/comments?post=1711"}],"version-history":[{"count":1,"href":"https:\/\/www.viscardi.ch\/USA2024\/wp-json\/wp\/v2\/pages\/1711\/revisions"}],"predecessor-version":[{"id":1714,"href":"https:\/\/www.viscardi.ch\/USA2024\/wp-json\/wp\/v2\/pages\/1711\/revisions\/1714"}],"wp:featuredmedia":[{"embeddable":true,"href":"https:\/\/www.viscardi.ch\/USA2024\/wp-json\/wp\/v2\/media\/1712"}],"wp:attachment":[{"href":"https:\/\/www.viscardi.ch\/USA2024\/wp-json\/wp\/v2\/media?parent=1711"}],"curies":[{"name":"wp","href":"https:\/\/api.w.org\/{rel}","templated":true}]}}