{"id":1715,"date":"2024-08-26T15:46:31","date_gmt":"2024-08-26T15:46:31","guid":{"rendered":"https:\/\/www.viscardi.ch\/USA2024\/?page_id=1715"},"modified":"2024-08-26T15:46:31","modified_gmt":"2024-08-26T15:46:31","slug":"semur-en-brionnais","status":"publish","type":"page","link":"https:\/\/www.viscardi.ch\/USA2024\/semur-en-brionnais\/","title":{"rendered":"Semur-en-Brionnais"},"content":{"rendered":"\n<div class=\"wp-block-buttons is-layout-flex wp-block-buttons-is-layout-flex\">\n<div class=\"wp-block-button has-custom-width wp-block-button__width-100\"><a class=\"wp-block-button__link wp-element-button\">Plus Beaux Villages de France<\/a><\/div>\n<\/div>\n\n\n\n<h4 class=\"wp-block-heading\">Referenzen<\/h4>\n\n\n\n<p><a href=\"https:\/\/de.wikipedia.org\/wiki\/Semur-en-Brionnais\">Wikipedia<\/a><br><a href=\"https:\/\/www.burgund-tourismus.com\/urlaub-in-burgund\/wohin-in-burgund-staedte-doerfer-reiseziele\/semur-en-brionnais-rundgang-durch-das-dorf-und-die-umgebung\/\">Burgund Tourismus<\/a><\/p>\n\n\n\n<h4 class=\"wp-block-heading\">Einleitung<\/h4>\n\n\n<div class=\"wp-block-image\">\n<figure class=\"aligncenter size-large is-resized\"><img loading=\"lazy\" decoding=\"async\" width=\"1024\" height=\"645\" src=\"https:\/\/www.viscardi.ch\/USA2024\/wp-content\/uploads\/2024\/08\/image-9-1024x645.png\" alt=\"\" class=\"wp-image-1717\" style=\"aspect-ratio:1.7777777777777777;object-fit:cover;width:578px;height:auto\" srcset=\"https:\/\/www.viscardi.ch\/USA2024\/wp-content\/uploads\/2024\/08\/image-9-1024x645.png 1024w, https:\/\/www.viscardi.ch\/USA2024\/wp-content\/uploads\/2024\/08\/image-9-300x189.png 300w, https:\/\/www.viscardi.ch\/USA2024\/wp-content\/uploads\/2024\/08\/image-9-768x484.png 768w, https:\/\/www.viscardi.ch\/USA2024\/wp-content\/uploads\/2024\/08\/image-9-1536x967.png 1536w, https:\/\/www.viscardi.ch\/USA2024\/wp-content\/uploads\/2024\/08\/image-9-2048x1289.png 2048w, https:\/\/www.viscardi.ch\/USA2024\/wp-content\/uploads\/2024\/08\/image-9-1000x630.png 1000w, https:\/\/www.viscardi.ch\/USA2024\/wp-content\/uploads\/2024\/08\/image-9-230x145.png 230w, https:\/\/www.viscardi.ch\/USA2024\/wp-content\/uploads\/2024\/08\/image-9-350x220.png 350w, https:\/\/www.viscardi.ch\/USA2024\/wp-content\/uploads\/2024\/08\/image-9-480x302.png 480w\" sizes=\"(max-width: 1024px) 100vw, 1024px\" \/><\/figure><\/div>\n\n\n<p><strong>Semur-en-Brionnais<\/strong>\u00a0ist eine\u00a0<a href=\"https:\/\/de.wikipedia.org\/wiki\/Frankreich\">franz\u00f6sische<\/a>\u00a0<a href=\"https:\/\/de.wikipedia.org\/wiki\/Gemeinde_(Frankreich)\">Gemeinde<\/a>\u00a0mit 606 Einwohnern (Stand 1.\u00a0Januar 2021) im\u00a0<a href=\"https:\/\/de.wikipedia.org\/wiki\/D%C3%A9partement_Sa%C3%B4ne-et-Loire\">D\u00e9partement Sa\u00f4ne-et-Loire<\/a>\u00a0in der\u00a0<a href=\"https:\/\/de.wikipedia.org\/wiki\/Region_(Frankreich)\">Region<\/a>\u00a0<a href=\"https:\/\/de.wikipedia.org\/wiki\/Bourgogne-Franche-Comt%C3%A9\">Bourgogne-Franche-Comt\u00e9<\/a>. Sie geh\u00f6rt zum\u00a0<a href=\"https:\/\/de.wikipedia.org\/wiki\/Arrondissement_Charolles\">Arrondissement Charolles<\/a>\u00a0und zum\u00a0<a href=\"https:\/\/de.wikipedia.org\/wiki\/Kanton_Chauffailles\">Kanton Chauffailles<\/a>. Sie ist Mitglied des Gemeindeverbands\u00a0<a href=\"https:\/\/de.wikipedia.org\/wiki\/Communaut%C3%A9_de_communes_de_Semur-en-Brionnais\">Communaut\u00e9 de communes de Semur-en-Brionnais<\/a>\u00a0und als eines der\u00a0<em>Plus beaux villages de France<\/em>\u00a0(<a href=\"https:\/\/de.wikipedia.org\/wiki\/Die_sch%C3%B6nsten_D%C3%B6rfer_Frankreichs\">sch\u00f6nste D\u00f6rfer Frankreichs<\/a>) klassifiziert.<\/p>\n\n\n\n<h4 class=\"wp-block-heading\">Sehensw\u00fcrdigkeiten<\/h4>\n\n\n\n<ul class=\"wp-block-list\">\n<li>Die romanische Kirche Saint-Hilaire aus dem 12. Jahrhundert geh\u00f6rt zu den besonderen Kleinoden der Region. Sie ist seit 1862 als Monument historique klassifiziert.<\/li>\n\n\n\n<li>Die Kapelle Saint-Martin-la-Vall\u00e9e mit Urspr\u00fcngen aus dem 12. Jahrhundert ist seit 1971 als Monument historique eingeschrieben.<\/li>\n\n\n\n<li>Die Ruine des Donjons der Burg aus dem 12. Jahrhundert, in dem St. Hugo Abt von Cluny und Erbauer der Basilika von Paray-le-Monial geboren worden sein soll, befindet sich direkt im Ortszentrum. Die \u00dcberreste der Burg sind seit 1971 als Monument historique eingeschrieben.<\/li>\n\n\n\n<li>Das Rathaus (H\u00f4tel de ville) wurde 1788 erbaut und ist seit 1984 als Monument historique eingeschrieben.<\/li>\n<\/ul>\n\n\n\n<h4 class=\"wp-block-heading\">ChatGPT<\/h4>\n\n\n\n<p>In Semur-en-Brionnais, einem malerischen Dorf in Frankreich, gibt es einige Sehensw\u00fcrdigkeiten, die einen Besuch wert sind. Hier sind einige Empfehlungen f\u00fcr Dinge, die Sie sich in Semur-en-Brionnais anschauen sollten:<\/p>\n\n\n\n<ol class=\"wp-block-list\">\n<li><strong>Die romanische Kirche Saint-Hilaire<\/strong>: Diese Kirche aus dem 11. Jahrhundert ist ein beeindruckendes Beispiel f\u00fcr romanische Architektur und beherbergt interessante historische Details.<\/li>\n\n\n\n<li><strong>Das Schloss von Semur-en-Brionnais<\/strong>: Besuchen Sie das Schloss, um mehr \u00fcber die Geschichte der Region und die Architektur des Schlosses zu erfahren.<\/li>\n\n\n\n<li><strong>Die malerischen Gassen und Pl\u00e4tze<\/strong>: Schlendern Sie durch die engen Gassen und entdecken Sie die charmanten Pl\u00e4tze des Dorfes, um die Atmosph\u00e4re von Semur-en-Brionnais zu genie\u00dfen.<\/li>\n<\/ol>\n\n\n\n<p><\/p>\n","protected":false},"excerpt":{"rendered":"<p>Referenzen WikipediaBurgund Tourismus Einleitung Semur-en-Brionnais\u00a0ist eine\u00a0franz\u00f6sische\u00a0Gemeinde\u00a0mit 606 Einwohnern (Stand 1.\u00a0Januar 2021) im\u00a0D\u00e9partement Sa\u00f4ne-et-Loire\u00a0in der\u00a0Region\u00a0Bourgogne-Franche-Comt\u00e9. Sie geh\u00f6rt zum\u00a0Arrondissement Charolles\u00a0und zum\u00a0Kanton Chauffailles. Sie ist Mitglied des Gemeindeverbands\u00a0Communaut\u00e9 de communes de Semur-en-Brionnais\u00a0und als eines der\u00a0Plus beaux villages de France\u00a0(sch\u00f6nste D\u00f6rfer Frankreichs) klassifiziert. Sehensw\u00fcrdigkeiten ChatGPT In Semur-en-Brionnais, einem malerischen Dorf in Frankreich, gibt es [&hellip;]<\/p>\n","protected":false},"author":1,"featured_media":1716,"parent":0,"menu_order":0,"comment_status":"closed","ping_status":"closed","template":"","meta":{"pgc_sgb_lightbox_settings":"","footnotes":""},"class_list":["post-1715","page","type-page","status-publish","has-post-thumbnail","hentry"],"_links":{"self":[{"href":"https:\/\/www.viscardi.ch\/USA2024\/wp-json\/wp\/v2\/pages\/1715"}],"collection":[{"href":"https:\/\/www.viscardi.ch\/USA2024\/wp-json\/wp\/v2\/pages"}],"about":[{"href":"https:\/\/www.viscardi.ch\/USA2024\/wp-json\/wp\/v2\/types\/page"}],"author":[{"embeddable":true,"href":"https:\/\/www.viscardi.ch\/USA2024\/wp-json\/wp\/v2\/users\/1"}],"replies":[{"embeddable":true,"href":"https:\/\/www.viscardi.ch\/USA2024\/wp-json\/wp\/v2\/comments?post=1715"}],"version-history":[{"count":1,"href":"https:\/\/www.viscardi.ch\/USA2024\/wp-json\/wp\/v2\/pages\/1715\/revisions"}],"predecessor-version":[{"id":1718,"href":"https:\/\/www.viscardi.ch\/USA2024\/wp-json\/wp\/v2\/pages\/1715\/revisions\/1718"}],"wp:featuredmedia":[{"embeddable":true,"href":"https:\/\/www.viscardi.ch\/USA2024\/wp-json\/wp\/v2\/media\/1716"}],"wp:attachment":[{"href":"https:\/\/www.viscardi.ch\/USA2024\/wp-json\/wp\/v2\/media?parent=1715"}],"curies":[{"name":"wp","href":"https:\/\/api.w.org\/{rel}","templated":true}]}}