{"id":1759,"date":"2024-08-26T19:20:39","date_gmt":"2024-08-26T19:20:39","guid":{"rendered":"https:\/\/www.viscardi.ch\/USA2024\/?page_id=1759"},"modified":"2024-08-26T19:20:39","modified_gmt":"2024-08-26T19:20:39","slug":"lavoute-chilhac","status":"publish","type":"page","link":"https:\/\/www.viscardi.ch\/USA2024\/lavoute-chilhac\/","title":{"rendered":"Lavo\u00fbte-Chilhac"},"content":{"rendered":"\n<div class=\"wp-block-buttons is-layout-flex wp-block-buttons-is-layout-flex\">\n<div class=\"wp-block-button has-custom-width wp-block-button__width-100\"><a class=\"wp-block-button__link wp-element-button\">Les plus beaux villages de france<\/a><\/div>\n<\/div>\n\n\n\n<h2 class=\"wp-block-heading\">Referenzen<\/h2>\n\n\n\n<p><a href=\"https:\/\/www.les-plus-beaux-villages-de-france.org\/fr\/nos-villages\/lavoute-chilhac\/\">Les Plus Beaux Villages<\/a><br><a href=\"https:\/\/www.france-voyage.com\/frankreich-tourismus\/lavoute-chilhac-2782.htm\">France Voyage<\/a><\/p>\n\n\n\n<h2 class=\"wp-block-heading\">Einleitung<\/h2>\n\n\n\n<figure class=\"wp-block-image size-large\"><img loading=\"lazy\" decoding=\"async\" width=\"1024\" height=\"562\" src=\"https:\/\/www.viscardi.ch\/USA2024\/wp-content\/uploads\/2024\/08\/image-15-1024x562.png\" alt=\"\" class=\"wp-image-1762\" srcset=\"https:\/\/www.viscardi.ch\/USA2024\/wp-content\/uploads\/2024\/08\/image-15-1024x562.png 1024w, https:\/\/www.viscardi.ch\/USA2024\/wp-content\/uploads\/2024\/08\/image-15-300x165.png 300w, https:\/\/www.viscardi.ch\/USA2024\/wp-content\/uploads\/2024\/08\/image-15-768x421.png 768w, https:\/\/www.viscardi.ch\/USA2024\/wp-content\/uploads\/2024\/08\/image-15-1536x842.png 1536w, https:\/\/www.viscardi.ch\/USA2024\/wp-content\/uploads\/2024\/08\/image-15-2048x1123.png 2048w, https:\/\/www.viscardi.ch\/USA2024\/wp-content\/uploads\/2024\/08\/image-15-1000x548.png 1000w, https:\/\/www.viscardi.ch\/USA2024\/wp-content\/uploads\/2024\/08\/image-15-230x126.png 230w, https:\/\/www.viscardi.ch\/USA2024\/wp-content\/uploads\/2024\/08\/image-15-350x192.png 350w, https:\/\/www.viscardi.ch\/USA2024\/wp-content\/uploads\/2024\/08\/image-15-480x263.png 480w\" sizes=\"(max-width: 1024px) 100vw, 1024px\" \/><\/figure>\n\n\n\n<p>Der h\u00fcbsche Ort Lavo\u00fbte-Chilhac schmiegt sich an das Flussufer im Herzen der&nbsp;<a href=\"https:\/\/www.france-voyage.com\/frankreich-tourismus\/schluchten-allier-439.htm\">Schluchten des Allier<\/a>. Er besteht aus zwei recht verschiedenen Vierteln, die untereinander durch eine alte Steinbr\u00fccke mit mehreren B\u00f6gen verbunden sind. Das erste Viertel liegt in einer Flussschleife des Allier und besitzt Ruinen einer fr\u00fcheren Burg, die Platz gemacht hat f\u00fcr ein cluniazensisches Kloster, dessen meisten Geb\u00e4ude vom Ende des 18. Jahrhunderts stammen und rund um die Klosterkirche Sainte-Croix angeordnet sind. Das zweite Viertel am linken Flussufer, das sich an die Felsen schmiegt, besitzt viele H\u00e4user direkt am Ufer, deren hohen Fassaden einen Schutz vor Hochwasser bieten.<\/p>\n\n\n\n<p>Das mit dem Wasser verbundene Freizeitangebot ist in Lavo\u00fbte-Chilhac allseits pr\u00e4sent. Der Ort besitzt eine Kanu-Kajak-Anlage und man kann in dem klaren Wasser des Allier wunderbar angeln.<\/p>\n\n\n\n<p>Sehenswert ist auch das Pal\u00e4ontologische Museum in&nbsp;<a href=\"https:\/\/www.france-voyage.com\/frankreich-stadte\/chilhac-15309.htm\">Chilhac<\/a>&nbsp;mit seiner Sammlung an Fossilien von Mammuts, Mastodonten, Rhinozeros und anderen S\u00e4ugetieren, die zwei Millionen Jahre alt sind!<\/p>\n\n\n\n<figure class=\"wp-block-image size-large\"><img loading=\"lazy\" decoding=\"async\" width=\"1024\" height=\"548\" src=\"https:\/\/www.viscardi.ch\/USA2024\/wp-content\/uploads\/2024\/08\/image-16-1024x548.png\" alt=\"\" class=\"wp-image-1763\" srcset=\"https:\/\/www.viscardi.ch\/USA2024\/wp-content\/uploads\/2024\/08\/image-16-1024x548.png 1024w, https:\/\/www.viscardi.ch\/USA2024\/wp-content\/uploads\/2024\/08\/image-16-300x161.png 300w, https:\/\/www.viscardi.ch\/USA2024\/wp-content\/uploads\/2024\/08\/image-16-768x411.png 768w, https:\/\/www.viscardi.ch\/USA2024\/wp-content\/uploads\/2024\/08\/image-16-1536x822.png 1536w, https:\/\/www.viscardi.ch\/USA2024\/wp-content\/uploads\/2024\/08\/image-16-2048x1096.png 2048w, https:\/\/www.viscardi.ch\/USA2024\/wp-content\/uploads\/2024\/08\/image-16-1000x535.png 1000w, https:\/\/www.viscardi.ch\/USA2024\/wp-content\/uploads\/2024\/08\/image-16-230x123.png 230w, https:\/\/www.viscardi.ch\/USA2024\/wp-content\/uploads\/2024\/08\/image-16-350x187.png 350w, https:\/\/www.viscardi.ch\/USA2024\/wp-content\/uploads\/2024\/08\/image-16-480x257.png 480w\" sizes=\"(max-width: 1024px) 100vw, 1024px\" \/><\/figure>\n\n\n\n<p>Charmantes Dorf mit weniger als 300 Einwohnern, in der&nbsp;<a href=\"https:\/\/www.france-voyage.com\/frankreich-reisefuhrer\/haute-loire-departement.htm\">Haute-Loire<\/a>&nbsp;in der Auvergne-Region Rh\u00f4ne-Alpes Lavo\u00fbte-Chilhac findet bei mehr als 400 Meter \u00fcber dem Meeresspiegel im Herzen der&nbsp;<a href=\"https:\/\/www.france-voyage.com\/frankreich-tourismus\/schluchten-allier-439.htm\">Schluchten des Allier<\/a>. Es liegt zwischen&nbsp;<a href=\"https:\/\/www.france-voyage.com\/frankreich-stadte\/langeac-15351.htm\">Langeac<\/a>&nbsp;und&nbsp;<a href=\"https:\/\/www.france-voyage.com\/frankreich-stadte\/brioude-15280.htm\">Brioude<\/a>, in der N\u00e4he von&nbsp;<a href=\"https:\/\/www.france-voyage.com\/frankreich-stadte\/blassac-15271.htm\">Blassac<\/a>.<\/p>\n\n\n\n<p>Der antiken Ursprungs, begann die gemeinsame Lavo\u00fbte-Chilhac im Mittelalter, mit der Schaffung von Cluny Priorat von Sainte Croix Der Volte zu entwickeln. Sie geschmiedet sp\u00e4ter das Gesicht, dass es heute ist, einen angenehmen nat\u00fcrlichen Charme und architektonisches Erbe von gro\u00dfen Interesse enth\u00fcllt.<\/p>\n\n\n\n<p>Lavo\u00fbte-Chilhac ist auch f\u00fcr seine vielen Sportm\u00f6glichkeiten gesch\u00e4tzt, dass die Praxis der verschiedenen Outdoor-Aktivit\u00e4ten wie Kanufahren oder Angeln, unter den bestm\u00f6glichen Bedingungen zu erm\u00f6glichen.<\/p>\n\n\n\n<figure class=\"wp-block-image size-large\"><img loading=\"lazy\" decoding=\"async\" width=\"1024\" height=\"657\" src=\"https:\/\/www.viscardi.ch\/USA2024\/wp-content\/uploads\/2024\/08\/image-17-1024x657.png\" alt=\"\" class=\"wp-image-1764\" srcset=\"https:\/\/www.viscardi.ch\/USA2024\/wp-content\/uploads\/2024\/08\/image-17-1024x657.png 1024w, https:\/\/www.viscardi.ch\/USA2024\/wp-content\/uploads\/2024\/08\/image-17-300x193.png 300w, https:\/\/www.viscardi.ch\/USA2024\/wp-content\/uploads\/2024\/08\/image-17-768x493.png 768w, https:\/\/www.viscardi.ch\/USA2024\/wp-content\/uploads\/2024\/08\/image-17-1536x986.png 1536w, https:\/\/www.viscardi.ch\/USA2024\/wp-content\/uploads\/2024\/08\/image-17-2048x1314.png 2048w, https:\/\/www.viscardi.ch\/USA2024\/wp-content\/uploads\/2024\/08\/image-17-1000x642.png 1000w, https:\/\/www.viscardi.ch\/USA2024\/wp-content\/uploads\/2024\/08\/image-17-230x148.png 230w, https:\/\/www.viscardi.ch\/USA2024\/wp-content\/uploads\/2024\/08\/image-17-350x225.png 350w, https:\/\/www.viscardi.ch\/USA2024\/wp-content\/uploads\/2024\/08\/image-17-480x308.png 480w\" sizes=\"(max-width: 1024px) 100vw, 1024px\" \/><\/figure>\n\n\n\n<h2 class=\"wp-block-heading\">Sehensw\u00fcrdigkeiten<\/h2>\n\n\n\n<figure class=\"wp-block-image size-large\"><a href=\"https:\/\/www.les-plus-beaux-villages-de-france.org\/fr\/nos-villages\/lavoute-chilhac\/\"><img loading=\"lazy\" decoding=\"async\" width=\"1024\" height=\"692\" src=\"https:\/\/www.viscardi.ch\/USA2024\/wp-content\/uploads\/2024\/08\/image-14-1024x692.png\" alt=\"\" class=\"wp-image-1761\" srcset=\"https:\/\/www.viscardi.ch\/USA2024\/wp-content\/uploads\/2024\/08\/image-14-1024x692.png 1024w, https:\/\/www.viscardi.ch\/USA2024\/wp-content\/uploads\/2024\/08\/image-14-300x203.png 300w, https:\/\/www.viscardi.ch\/USA2024\/wp-content\/uploads\/2024\/08\/image-14-768x519.png 768w, https:\/\/www.viscardi.ch\/USA2024\/wp-content\/uploads\/2024\/08\/image-14-1536x1038.png 1536w, https:\/\/www.viscardi.ch\/USA2024\/wp-content\/uploads\/2024\/08\/image-14-1000x676.png 1000w, https:\/\/www.viscardi.ch\/USA2024\/wp-content\/uploads\/2024\/08\/image-14-230x155.png 230w, https:\/\/www.viscardi.ch\/USA2024\/wp-content\/uploads\/2024\/08\/image-14-350x237.png 350w, https:\/\/www.viscardi.ch\/USA2024\/wp-content\/uploads\/2024\/08\/image-14-480x324.png 480w, https:\/\/www.viscardi.ch\/USA2024\/wp-content\/uploads\/2024\/08\/image-14.png 2030w\" sizes=\"(max-width: 1024px) 100vw, 1024px\" \/><\/a><\/figure>\n\n\n\n<p><\/p>\n","protected":false},"excerpt":{"rendered":"<p>Referenzen Les Plus Beaux VillagesFrance Voyage Einleitung Der h\u00fcbsche Ort Lavo\u00fbte-Chilhac schmiegt sich an das Flussufer im Herzen der&nbsp;Schluchten des Allier. Er besteht aus zwei recht verschiedenen Vierteln, die untereinander durch eine alte Steinbr\u00fccke mit mehreren B\u00f6gen verbunden sind. Das erste Viertel liegt in einer Flussschleife des Allier und besitzt [&hellip;]<\/p>\n","protected":false},"author":1,"featured_media":1760,"parent":0,"menu_order":0,"comment_status":"closed","ping_status":"closed","template":"","meta":{"pgc_sgb_lightbox_settings":"","footnotes":""},"class_list":["post-1759","page","type-page","status-publish","has-post-thumbnail","hentry"],"_links":{"self":[{"href":"https:\/\/www.viscardi.ch\/USA2024\/wp-json\/wp\/v2\/pages\/1759"}],"collection":[{"href":"https:\/\/www.viscardi.ch\/USA2024\/wp-json\/wp\/v2\/pages"}],"about":[{"href":"https:\/\/www.viscardi.ch\/USA2024\/wp-json\/wp\/v2\/types\/page"}],"author":[{"embeddable":true,"href":"https:\/\/www.viscardi.ch\/USA2024\/wp-json\/wp\/v2\/users\/1"}],"replies":[{"embeddable":true,"href":"https:\/\/www.viscardi.ch\/USA2024\/wp-json\/wp\/v2\/comments?post=1759"}],"version-history":[{"count":1,"href":"https:\/\/www.viscardi.ch\/USA2024\/wp-json\/wp\/v2\/pages\/1759\/revisions"}],"predecessor-version":[{"id":1765,"href":"https:\/\/www.viscardi.ch\/USA2024\/wp-json\/wp\/v2\/pages\/1759\/revisions\/1765"}],"wp:featuredmedia":[{"embeddable":true,"href":"https:\/\/www.viscardi.ch\/USA2024\/wp-json\/wp\/v2\/media\/1760"}],"wp:attachment":[{"href":"https:\/\/www.viscardi.ch\/USA2024\/wp-json\/wp\/v2\/media?parent=1759"}],"curies":[{"name":"wp","href":"https:\/\/api.w.org\/{rel}","templated":true}]}}