{"id":1766,"date":"2024-08-26T19:36:18","date_gmt":"2024-08-26T19:36:18","guid":{"rendered":"https:\/\/www.viscardi.ch\/USA2024\/?page_id=1766"},"modified":"2024-08-26T19:36:19","modified_gmt":"2024-08-26T19:36:19","slug":"laguiole","status":"publish","type":"page","link":"https:\/\/www.viscardi.ch\/USA2024\/laguiole\/","title":{"rendered":"Laguiole"},"content":{"rendered":"\n<h2 class=\"wp-block-heading\">Referenzen<\/h2>\n\n\n\n<p><a href=\"https:\/\/www.tourisme-en-aubrac.com\/de\/destination\/laguiole-capitale-aubrac\/\">Toursime en Aubriac<\/a><br><a href=\"https:\/\/de.wikipedia.org\/wiki\/Laguiole\">Wikipedia<\/a><\/p>\n\n\n\n<h2 class=\"wp-block-heading\">Einleitung<\/h2>\n\n\n\n<p>Aus dem Reisef\u00fchrer MP:<\/p>\n\n\n\n<figure class=\"wp-block-image size-large\"><img loading=\"lazy\" decoding=\"async\" width=\"1024\" height=\"703\" src=\"https:\/\/www.viscardi.ch\/USA2024\/wp-content\/uploads\/2024\/08\/image-18-1024x703.png\" alt=\"\" class=\"wp-image-1767\" srcset=\"https:\/\/www.viscardi.ch\/USA2024\/wp-content\/uploads\/2024\/08\/image-18-1024x703.png 1024w, https:\/\/www.viscardi.ch\/USA2024\/wp-content\/uploads\/2024\/08\/image-18-300x206.png 300w, https:\/\/www.viscardi.ch\/USA2024\/wp-content\/uploads\/2024\/08\/image-18-768x527.png 768w, https:\/\/www.viscardi.ch\/USA2024\/wp-content\/uploads\/2024\/08\/image-18-1536x1054.png 1536w, https:\/\/www.viscardi.ch\/USA2024\/wp-content\/uploads\/2024\/08\/image-18-2048x1405.png 2048w, https:\/\/www.viscardi.ch\/USA2024\/wp-content\/uploads\/2024\/08\/image-18-1000x686.png 1000w, https:\/\/www.viscardi.ch\/USA2024\/wp-content\/uploads\/2024\/08\/image-18-230x158.png 230w, https:\/\/www.viscardi.ch\/USA2024\/wp-content\/uploads\/2024\/08\/image-18-350x240.png 350w, https:\/\/www.viscardi.ch\/USA2024\/wp-content\/uploads\/2024\/08\/image-18-480x329.png 480w\" sizes=\"(max-width: 1024px) 100vw, 1024px\" \/><\/figure>\n\n\n\n<p>In der kleinen Gemeinde auf den H\u00f6hen des Aubrac steht auf dem Marktplatz ein markanter schwarzer BronzeStier, welcher die Rinderrasse Aubrac repr\u00e4sentiert. Der Name Laguiole steht jedoch v. a. f\u00fcr den geschmacklich kr\u00e4ftigen Hartk\u00e4se Laguiole, aus dem das inzwischen zum Kultgericht avancierte aligot gemacht wird. Er steht aber auch f\u00fcr die noblen Laguiole-Messer (frz. couteaux Laguiole), die seit dem Mittelalter hier gefertigt werden. In jedem zweiten Haus des 1200-Seelen-Ortes werden diese exklusiven Essinstrumente inzwischen verkauft. In Laguiole kann man heute die einzelnen Schritte der Messerherstellung in diversen Ateliers verfolgen.<\/p>\n\n\n\n<hr class=\"wp-block-separator has-alpha-channel-opacity\"\/>\n\n\n\n<p><strong>Laguiole<\/strong>\u00a0ist eine\u00a0<a href=\"https:\/\/de.wikipedia.org\/wiki\/Gemeinde_(Frankreich)\">franz\u00f6sische Gemeinde<\/a>\u00a0mit 1.223 Einwohnern (Stand 1.\u00a0Januar 2021) im\u00a0<a href=\"https:\/\/de.wikipedia.org\/wiki\/D%C3%A9partement_Aveyron\">D\u00e9partement Aveyron<\/a>\u00a0in der\u00a0<a href=\"https:\/\/de.wikipedia.org\/wiki\/Region_(Frankreich)\">Region<\/a>\u00a0<a href=\"https:\/\/de.wikipedia.org\/wiki\/Okzitanien_(Verwaltungsregion)\">Okzitanien<\/a>. Sie geh\u00f6rt administrativ zum\u00a0<a href=\"https:\/\/de.wikipedia.org\/wiki\/Arrondissement_Rodez\">Arrondissement Rodez<\/a>. Das vor allem in Frankreich bekannte\u00a0<a href=\"https:\/\/de.wikipedia.org\/wiki\/Laguiole_(Messer)\">Laguiole<\/a>-Messer wurde hier im fr\u00fchen 19. Jh. entwickelt.<\/p>\n\n\n\n<p>Laguiole liegt auf einer H\u00f6he von etwa 1000 Metern am Westrand des Hochplateaus\u00a0<a href=\"https:\/\/de.wikipedia.org\/wiki\/Aubrac\">Aubrac<\/a>\u00a0im\u00a0<a href=\"https:\/\/de.wikipedia.org\/wiki\/Zentralmassiv\">Zentralmassiv<\/a>. Im Nordosten des 63 km\u00b2 umfassenden Gemeindegebiets entspringt die\u00a0<a href=\"https:\/\/de.wikipedia.org\/wiki\/Selves\">Selves<\/a>, ein Nebenfluss der\u00a0<a href=\"https:\/\/de.wikipedia.org\/wiki\/Truy%C3%A8re\">Truy\u00e8re<\/a>. Das Gel\u00e4nde steigt nach Osten hin an und erreicht auf einem namenlosen Bergr\u00fccken mit 1342 m \u00fcber dem Meer den h\u00f6chsten Punkt im Gemeindegebiet. Im Nordosten pr\u00e4gt der 1298 m hohe\u00a0<em>Roc du Cayla<\/em>\u00a0die Landschaft, im S\u00fcdosten (Ortsteil Le Bouyssou) werden rund um das Skigebiet (<em>Station de Ski de Laguiole<\/em>) ebenfalls H\u00f6hen um 1300 m erreicht.<\/p>\n\n\n\n<p>Laguiole, ist auf 1000 m H\u00f6he auf dem Plateau des Aubrac entfernt.<\/p>\n\n\n\n<p>Die Stadt geh\u00f6rt zu den Departements&nbsp;<a href=\"https:\/\/www.france-voyage.com\/frankreich-reisefuhrer\/aveyron-departement.htm\"><\/a><a href=\"https:\/\/www.france-voyage.com\/frankreich-reisefuhrer\/aveyron-departement.htm\">Aveyron<\/a>&nbsp;und der Midi-Pyrenees.<\/p>\n\n\n\n<p>Seine geografische Lage positioniert gleich weit entfernt von St\u00e4dten wie regionale Toulouse (Midi-Pyrenees), Montpellier (Languedoc-Roussillon) und Clermont-Ferrand (Auvergne).<\/p>\n\n\n\n<p>Die Hauptstadt des Kantons, ist Laguiole mit gemeinsamen&nbsp;<a href=\"https:\/\/www.france-voyage.com\/frankreich-stadte\/cassuejouls-1117.htm\">Cassu\u00e9jouls<\/a>,&nbsp;<a href=\"https:\/\/www.france-voyage.com\/frankreich-stadte\/curieres-1150.htm\">Curi\u00e8res<\/a>,&nbsp;<a href=\"https:\/\/www.france-voyage.com\/frankreich-stadte\/montpeyroux-1224.htm\">Montpeyroux<\/a>&nbsp;und&nbsp;<a href=\"https:\/\/www.france-voyage.com\/frankreich-stadte\/soulages-bonneval-1348.htm\">Soulages-Bonneval<\/a>&nbsp;assoziiert.<\/p>\n\n\n\n<p>Etymologisch Laguiole aus &#8222;Die Gleisola&#8220; kleine Kirche Relief dominiert die Stadt und wird in der Hauptkirche des 16. Jahrhunderts. Die erste Silbe von &#8222;Laguiole&#8220; ist, dass Artikel vor dem Namen: die Guiol Guiolle oder, wie wir sehen, noch erscheint auf dem Gesicht des alten Uhren.<\/p>\n\n\n\n<p>Die Aussprache &#8222;LAYOLE&#8220; stammt aus dem Dialekt seiner Vorfahren.<\/p>\n\n\n\n<figure class=\"wp-block-image size-large\"><img loading=\"lazy\" decoding=\"async\" width=\"1024\" height=\"708\" src=\"https:\/\/www.viscardi.ch\/USA2024\/wp-content\/uploads\/2024\/08\/image-19-1024x708.png\" alt=\"\" class=\"wp-image-1768\" srcset=\"https:\/\/www.viscardi.ch\/USA2024\/wp-content\/uploads\/2024\/08\/image-19-1024x708.png 1024w, https:\/\/www.viscardi.ch\/USA2024\/wp-content\/uploads\/2024\/08\/image-19-300x207.png 300w, https:\/\/www.viscardi.ch\/USA2024\/wp-content\/uploads\/2024\/08\/image-19-768x531.png 768w, https:\/\/www.viscardi.ch\/USA2024\/wp-content\/uploads\/2024\/08\/image-19-1536x1062.png 1536w, https:\/\/www.viscardi.ch\/USA2024\/wp-content\/uploads\/2024\/08\/image-19-2048x1416.png 2048w, https:\/\/www.viscardi.ch\/USA2024\/wp-content\/uploads\/2024\/08\/image-19-1000x692.png 1000w, https:\/\/www.viscardi.ch\/USA2024\/wp-content\/uploads\/2024\/08\/image-19-230x159.png 230w, https:\/\/www.viscardi.ch\/USA2024\/wp-content\/uploads\/2024\/08\/image-19-350x242.png 350w, https:\/\/www.viscardi.ch\/USA2024\/wp-content\/uploads\/2024\/08\/image-19-480x332.png 480w\" sizes=\"(max-width: 1024px) 100vw, 1024px\" \/><\/figure>\n\n\n\n<h2 class=\"wp-block-heading\">Sehensw\u00fcrdigkeiten<\/h2>\n\n\n\n<p><strong>La Coutellerie de Laguiole Honor\u00e9 Durand:<\/strong> Einer der wenigen Orte, an dem Sie sicher sein k\u00f6nnen, dass das teuer erstandene Laguiole-Messer auch tats\u00e4chlich in Laguiole hergestellt wurde. Hier finden Sie eine gro\u00dfe Auswahl an Messern und es besteht die M\u00f6glichkeit, nach Voranmeldung an der Herstellung des eigenen Messers teilzunehmen.<\/p>\n\n\n\n<p class=\"has-small-font-size\">Ganzj\u00e4hrig t\u00e4gl. (au\u00dfer an Sonn- und Feiertagen) F\u00fchrungen um 11, 14.30, 15.45 und 17 Uhr. Eintritt frei. Route d&#8217;Aubrac (in der Industriezone La Poujade beim Campingplatz).<\/p>\n\n\n\n<p><strong>La Forge de Laguiole: <\/strong>Eine weitere Adresse, wo Sie nicht nur Einblicke in die Messerherstellung bekommen, sondern auch besonders exquisite Modelle \u201emade in Laguiole&#8220; erstehen k\u00f6nnen. Zu erkennen ist das Geb\u00e4ude schon von Weitem an seiner riesigen, 18 m hoch in die Luft ragenden Messerklinge auf dem Dach.<\/p>\n\n\n\n<p class=\"has-small-font-size\">T\u00e4gl. au\u00dfer So 9-12 und 13.30-18 Uhr, Juli\/Aug. 9-19 Uhr. Eintritt frei. Route d&#8217;Aubrac. www.forge-de-laguiole.com.<\/p>\n\n\n\n<p><strong>Mus\u00e9e du couteau de Laguiole et de l&#8217;objet forg\u00e9: <\/strong>im Industriegebiet gelegen. Nachbau der ersten Werkst\u00e4tten und Ausstellung der ersten Laguiole-Messer und sonstiger Schneidevorrichtungen.<\/p>\n\n\n\n<p class=\"has-small-font-size\">Ganzj\u00e4hrig t\u00e4gl. au\u00dfer So 9-12 und 14-19 Uhr, Juli\/Aug. durchgehend ge\u00f6ffnet. Eintritt 3,50 \u20ac. www.musee-laguioe.com.<\/p>\n\n\n\n<p><strong>Coop\u00e9rative fromag\u00e8re Jeune Montagne:<\/strong> Was fr\u00fcher die Senner im Halbdunkel ihrer Sennh\u00fctten produzierten, wird heute in der Kooperative mit modernsten Mitteln hergestellt. Trotzdem hat sich eines nicht ge\u00e4ndert: Auch im 21. Jh. wird bei der K\u00e4seherstellung immer noch das Wissen der M\u00f6nche aus dem 12. Jh. ber\u00fccksichtigt.<\/p>\n\n\n\n<p>Mit Hilfe eines Videos und einer 45-min\u00fctigen F\u00fchrung wird die Herstellung des bekannten Laguiole-K\u00e4ses aus Rohmilch erl\u00e4utert. Wenn man die Besichtigung morgens macht, kann man die K\u00e4sehersteller in Aktion beobachten. Das Endprodukt darf der Besucher schlie\u00dflich auch kosten. Hier wird au\u00dferdem frisches aligot verkauft. <\/p>\n\n\n\n<p class=\"has-small-font-size\">Eintritt frei. F\u00fchrungen nur im Juli und Aug. Laden: Sept.-Juni Mo-Sa 8-12 und 14-18 Uhr, Sonn- und Feiertage 912 Uhr; Juli\/Aug. 8-19 Uhr, Sonn- und Feiertage 9-13 und 14-18 Uhr. Am Dorfausgang, route de Chaudes-Aigues. www.jeune-montagne-aubrac.fr.<\/p>\n\n\n\n<figure class=\"wp-block-image size-large\"><img loading=\"lazy\" decoding=\"async\" width=\"1024\" height=\"620\" src=\"https:\/\/www.viscardi.ch\/USA2024\/wp-content\/uploads\/2024\/08\/image-20-1024x620.png\" alt=\"\" class=\"wp-image-1769\" srcset=\"https:\/\/www.viscardi.ch\/USA2024\/wp-content\/uploads\/2024\/08\/image-20-1024x620.png 1024w, https:\/\/www.viscardi.ch\/USA2024\/wp-content\/uploads\/2024\/08\/image-20-300x182.png 300w, https:\/\/www.viscardi.ch\/USA2024\/wp-content\/uploads\/2024\/08\/image-20-768x465.png 768w, https:\/\/www.viscardi.ch\/USA2024\/wp-content\/uploads\/2024\/08\/image-20-1536x930.png 1536w, https:\/\/www.viscardi.ch\/USA2024\/wp-content\/uploads\/2024\/08\/image-20-2048x1240.png 2048w, https:\/\/www.viscardi.ch\/USA2024\/wp-content\/uploads\/2024\/08\/image-20-1000x605.png 1000w, https:\/\/www.viscardi.ch\/USA2024\/wp-content\/uploads\/2024\/08\/image-20-230x139.png 230w, https:\/\/www.viscardi.ch\/USA2024\/wp-content\/uploads\/2024\/08\/image-20-350x212.png 350w, https:\/\/www.viscardi.ch\/USA2024\/wp-content\/uploads\/2024\/08\/image-20-480x291.png 480w\" sizes=\"(max-width: 1024px) 100vw, 1024px\" \/><\/figure>\n\n\n\n<p>Gem\u00e4ss Wikipedia<\/p>\n\n\n\n<ul class=\"wp-block-list\">\n<li>\u00c9glise Saint Matthieu, Kirche aus dem 16. Jahrhundert \u2013\u00a0Monument historique[1] ehemaliges Kloster und Pilgerhospiz aus dem 15. Jahrhundert \u2013 Monument historique[2]<\/li>\n\n\n\n<li>Ch\u00e2teau de la Boissonnade, Schloss aus dem 15. Jahrhundert \u2013 Monument historique[3]<\/li>\n\n\n\n<li>Ch\u00e2teau d\u2019Oustrac, Schloss aus dem 18. Jahrhundert \u2013 Monument historique[4]<\/li>\n\n\n\n<li>Pont de Pigasse&nbsp;Steinplattenbr\u00fccke<\/li>\n<\/ul>\n","protected":false},"excerpt":{"rendered":"<p>Referenzen Toursime en AubriacWikipedia Einleitung Aus dem Reisef\u00fchrer MP: In der kleinen Gemeinde auf den H\u00f6hen des Aubrac steht auf dem Marktplatz ein markanter schwarzer BronzeStier, welcher die Rinderrasse Aubrac repr\u00e4sentiert. Der Name Laguiole steht jedoch v. a. f\u00fcr den geschmacklich kr\u00e4ftigen Hartk\u00e4se Laguiole, aus dem das inzwischen zum Kultgericht [&hellip;]<\/p>\n","protected":false},"author":1,"featured_media":1770,"parent":0,"menu_order":0,"comment_status":"closed","ping_status":"closed","template":"","meta":{"pgc_sgb_lightbox_settings":"","footnotes":""},"class_list":["post-1766","page","type-page","status-publish","has-post-thumbnail","hentry"],"_links":{"self":[{"href":"https:\/\/www.viscardi.ch\/USA2024\/wp-json\/wp\/v2\/pages\/1766"}],"collection":[{"href":"https:\/\/www.viscardi.ch\/USA2024\/wp-json\/wp\/v2\/pages"}],"about":[{"href":"https:\/\/www.viscardi.ch\/USA2024\/wp-json\/wp\/v2\/types\/page"}],"author":[{"embeddable":true,"href":"https:\/\/www.viscardi.ch\/USA2024\/wp-json\/wp\/v2\/users\/1"}],"replies":[{"embeddable":true,"href":"https:\/\/www.viscardi.ch\/USA2024\/wp-json\/wp\/v2\/comments?post=1766"}],"version-history":[{"count":1,"href":"https:\/\/www.viscardi.ch\/USA2024\/wp-json\/wp\/v2\/pages\/1766\/revisions"}],"predecessor-version":[{"id":1771,"href":"https:\/\/www.viscardi.ch\/USA2024\/wp-json\/wp\/v2\/pages\/1766\/revisions\/1771"}],"wp:featuredmedia":[{"embeddable":true,"href":"https:\/\/www.viscardi.ch\/USA2024\/wp-json\/wp\/v2\/media\/1770"}],"wp:attachment":[{"href":"https:\/\/www.viscardi.ch\/USA2024\/wp-json\/wp\/v2\/media?parent=1766"}],"curies":[{"name":"wp","href":"https:\/\/api.w.org\/{rel}","templated":true}]}}