{"id":1772,"date":"2024-08-26T19:44:27","date_gmt":"2024-08-26T19:44:27","guid":{"rendered":"https:\/\/www.viscardi.ch\/USA2024\/?page_id=1772"},"modified":"2024-08-26T19:44:28","modified_gmt":"2024-08-26T19:44:28","slug":"saint-come-dolt","status":"publish","type":"page","link":"https:\/\/www.viscardi.ch\/USA2024\/saint-come-dolt\/","title":{"rendered":"Saint Come d&#8217;Olt"},"content":{"rendered":"\n<h2 class=\"wp-block-heading\">Referenzen<\/h2>\n\n\n\n<p><a href=\"https:\/\/www.les-plus-beaux-villages-de-france.org\/fr\/nos-villages\/saint-come-dolt\/\">Les Plus Beaux Villages de France<\/a><br><a href=\"https:\/\/www.saint-come-olt.com\/\">Saint Come d&#8217;Olt<\/a><br><a href=\"https:\/\/de.wikipedia.org\/wiki\/Saint-C%C3%B4me-d%E2%80%99Olt\">Wikipedia<\/a><\/p>\n\n\n\n<p><\/p>\n\n\n\n<h2 class=\"wp-block-heading\">Einleitung<\/h2>\n\n\n\n<p><strong>Saint-C\u00f4me-d\u2019Olt<\/strong>&nbsp;ist eine&nbsp;<a href=\"https:\/\/de.wikipedia.org\/wiki\/Gemeinde_(Frankreich)\">franz\u00f6sische Gemeinde<\/a>&nbsp;mit 1.437 Einwohnern (Stand 1.&nbsp;Januar 2021) in der&nbsp;<a href=\"https:\/\/de.wikipedia.org\/wiki\/Region_(Frankreich)\">Region<\/a>&nbsp;<a href=\"https:\/\/de.wikipedia.org\/wiki\/Okzitanien_(Verwaltungsregion)\">Okzitanien<\/a>&nbsp;im&nbsp;<a href=\"https:\/\/de.wikipedia.org\/wiki\/D%C3%A9partement_Aveyron\">D\u00e9partement Aveyron<\/a>. Durch den Ort f\u00fchrt der&nbsp;<a href=\"https:\/\/de.wikipedia.org\/wiki\/GR-Fernwanderweg\">Fernwanderweg<\/a>&nbsp;<a href=\"https:\/\/de.wikipedia.org\/wiki\/GR_65\">GR&nbsp;65<\/a>, der weitgehend dem historischen Verlauf des franz\u00f6sischen Jakobsweges&nbsp;<em><a href=\"https:\/\/de.wikipedia.org\/wiki\/Via_Podiensis\">Via Podiensis<\/a><\/em>&nbsp;folgt.<\/p>\n\n\n\n<p>Von der Vereinigung\u00a0<em>Les plus beaux villages de France<\/em>\u00a0wurde Saint-C\u00f4me-d\u2019Olt zu einem der\u00a0<a href=\"https:\/\/de.wikipedia.org\/wiki\/Die_sch%C3%B6nsten_D%C3%B6rfer_Frankreichs\">sch\u00f6nsten D\u00f6rfer Frankreichs<\/a>\u00a0erkl\u00e4rt.<\/p>\n\n\n\n<figure class=\"wp-block-image size-large\"><img loading=\"lazy\" decoding=\"async\" width=\"1024\" height=\"667\" src=\"https:\/\/www.viscardi.ch\/USA2024\/wp-content\/uploads\/2024\/08\/image-21-1024x667.png\" alt=\"\" class=\"wp-image-1773\" srcset=\"https:\/\/www.viscardi.ch\/USA2024\/wp-content\/uploads\/2024\/08\/image-21-1024x667.png 1024w, https:\/\/www.viscardi.ch\/USA2024\/wp-content\/uploads\/2024\/08\/image-21-300x195.png 300w, https:\/\/www.viscardi.ch\/USA2024\/wp-content\/uploads\/2024\/08\/image-21-768x500.png 768w, https:\/\/www.viscardi.ch\/USA2024\/wp-content\/uploads\/2024\/08\/image-21-1536x1000.png 1536w, https:\/\/www.viscardi.ch\/USA2024\/wp-content\/uploads\/2024\/08\/image-21-2048x1333.png 2048w, https:\/\/www.viscardi.ch\/USA2024\/wp-content\/uploads\/2024\/08\/image-21-1000x651.png 1000w, https:\/\/www.viscardi.ch\/USA2024\/wp-content\/uploads\/2024\/08\/image-21-230x150.png 230w, https:\/\/www.viscardi.ch\/USA2024\/wp-content\/uploads\/2024\/08\/image-21-350x228.png 350w, https:\/\/www.viscardi.ch\/USA2024\/wp-content\/uploads\/2024\/08\/image-21-480x312.png 480w\" sizes=\"(max-width: 1024px) 100vw, 1024px\" \/><\/figure>\n\n\n\n<p><strong>Geografie und Verkehr:<\/strong> Saint-C\u00f4me-d\u2019Olt liegt im s\u00fcdlichen Teil des Zentralmassives am Ufer des Lot, knapp flussabw\u00e4rts der Einm\u00fcndung seines rechten Nebenflusses Boralde de Saint-Ch\u00e9ly-d\u2019Aubrac. Das Gemeindegebiet geh\u00f6rt zum Regionalen Naturpark Aubrac.<\/p>\n\n\n\n<p>Die n\u00e4chsten Gro\u00dfst\u00e4dte sind Lyon im Nordosten (210 km), Toulouse im S\u00fcdwesten (149 km), Bordeaux im Westen (272 km) und Montpellier im S\u00fcdosten (131 km)[2].<\/p>\n\n\n\n<p>Der n\u00e4chste Flughafen ist Rodez-Aveyron, der unter anderem von Air France und von Ryanair angeflogen wird. \u00dcber die D988 oder D27 liegt er circa 43 Stra\u00dfenkilometer entfernt. Die n\u00e4chste Bahnstation befindet sich ebenfalls in Rodez. In Saint-C\u00f4me-d\u2019Olt trifft die D6, die im Lot-Tal verl\u00e4uft, auf die D987, die aus der Hochebene des Aubrac kommend ins Lottal f\u00fchrt.<\/p>\n\n\n\n<p><strong>Geschichte<\/strong>: Die urspr\u00fcngliche Ansiedelung befand sich rund um eine romanische Kapelle aus dem 10. Jahrhundert. Diese Kapelle steht heute leer, aber sie diente lange Zeit als Sitz der Bruderschaft der \u201eWei\u00dfen B\u00fc\u00dfer\u201c (franz. P\u00e9nitents blancs).<br>&#8211; 1528 erhielt Saint-C\u00f4me-d\u2019Olt Stadtrechte durch den Baron von Calmont d\u2019Olt.<br>&#8211; 1586 starben etwa 2400 Leute an der zu dieser Zeit w\u00fctenden Pest. Der Ort wurde erst von Einwohnern der alten Provinz Quercy neu besiedelt.<\/p>\n\n\n\n<p>Zur Zeit der Franz\u00f6sischen Revolution hie\u00df die Gemeinde Montagne-sur-Lot.<\/p>\n\n\n\n<h2 class=\"wp-block-heading\">Sehensw\u00fcrdigkeiten<\/h2>\n\n\n\n<figure class=\"wp-block-image size-large\"><img loading=\"lazy\" decoding=\"async\" width=\"1024\" height=\"605\" src=\"https:\/\/www.viscardi.ch\/USA2024\/wp-content\/uploads\/2024\/08\/image-22-1024x605.png\" alt=\"\" class=\"wp-image-1775\" srcset=\"https:\/\/www.viscardi.ch\/USA2024\/wp-content\/uploads\/2024\/08\/image-22-1024x605.png 1024w, https:\/\/www.viscardi.ch\/USA2024\/wp-content\/uploads\/2024\/08\/image-22-300x177.png 300w, https:\/\/www.viscardi.ch\/USA2024\/wp-content\/uploads\/2024\/08\/image-22-768x454.png 768w, https:\/\/www.viscardi.ch\/USA2024\/wp-content\/uploads\/2024\/08\/image-22-1536x907.png 1536w, https:\/\/www.viscardi.ch\/USA2024\/wp-content\/uploads\/2024\/08\/image-22-2048x1210.png 2048w, https:\/\/www.viscardi.ch\/USA2024\/wp-content\/uploads\/2024\/08\/image-22-1000x591.png 1000w, https:\/\/www.viscardi.ch\/USA2024\/wp-content\/uploads\/2024\/08\/image-22-230x136.png 230w, https:\/\/www.viscardi.ch\/USA2024\/wp-content\/uploads\/2024\/08\/image-22-350x207.png 350w, https:\/\/www.viscardi.ch\/USA2024\/wp-content\/uploads\/2024\/08\/image-22-480x284.png 480w\" sizes=\"(max-width: 1024px) 100vw, 1024px\" \/><\/figure>\n","protected":false},"excerpt":{"rendered":"<p>Referenzen Les Plus Beaux Villages de FranceSaint Come d&#8217;OltWikipedia Einleitung Saint-C\u00f4me-d\u2019Olt&nbsp;ist eine&nbsp;franz\u00f6sische Gemeinde&nbsp;mit 1.437 Einwohnern (Stand 1.&nbsp;Januar 2021) in der&nbsp;Region&nbsp;Okzitanien&nbsp;im&nbsp;D\u00e9partement Aveyron. Durch den Ort f\u00fchrt der&nbsp;Fernwanderweg&nbsp;GR&nbsp;65, der weitgehend dem historischen Verlauf des franz\u00f6sischen Jakobsweges&nbsp;Via Podiensis&nbsp;folgt. Von der Vereinigung\u00a0Les plus beaux villages de France\u00a0wurde Saint-C\u00f4me-d\u2019Olt zu einem der\u00a0sch\u00f6nsten D\u00f6rfer Frankreichs\u00a0erkl\u00e4rt. Geografie [&hellip;]<\/p>\n","protected":false},"author":1,"featured_media":1774,"parent":0,"menu_order":0,"comment_status":"closed","ping_status":"closed","template":"","meta":{"pgc_sgb_lightbox_settings":"","footnotes":""},"class_list":["post-1772","page","type-page","status-publish","has-post-thumbnail","hentry"],"_links":{"self":[{"href":"https:\/\/www.viscardi.ch\/USA2024\/wp-json\/wp\/v2\/pages\/1772"}],"collection":[{"href":"https:\/\/www.viscardi.ch\/USA2024\/wp-json\/wp\/v2\/pages"}],"about":[{"href":"https:\/\/www.viscardi.ch\/USA2024\/wp-json\/wp\/v2\/types\/page"}],"author":[{"embeddable":true,"href":"https:\/\/www.viscardi.ch\/USA2024\/wp-json\/wp\/v2\/users\/1"}],"replies":[{"embeddable":true,"href":"https:\/\/www.viscardi.ch\/USA2024\/wp-json\/wp\/v2\/comments?post=1772"}],"version-history":[{"count":1,"href":"https:\/\/www.viscardi.ch\/USA2024\/wp-json\/wp\/v2\/pages\/1772\/revisions"}],"predecessor-version":[{"id":1776,"href":"https:\/\/www.viscardi.ch\/USA2024\/wp-json\/wp\/v2\/pages\/1772\/revisions\/1776"}],"wp:featuredmedia":[{"embeddable":true,"href":"https:\/\/www.viscardi.ch\/USA2024\/wp-json\/wp\/v2\/media\/1774"}],"wp:attachment":[{"href":"https:\/\/www.viscardi.ch\/USA2024\/wp-json\/wp\/v2\/media?parent=1772"}],"curies":[{"name":"wp","href":"https:\/\/api.w.org\/{rel}","templated":true}]}}