{"id":1777,"date":"2024-08-26T19:53:25","date_gmt":"2024-08-26T19:53:25","guid":{"rendered":"https:\/\/www.viscardi.ch\/USA2024\/?page_id=1777"},"modified":"2024-08-26T19:53:26","modified_gmt":"2024-08-26T19:53:26","slug":"conques","status":"publish","type":"page","link":"https:\/\/www.viscardi.ch\/USA2024\/conques\/","title":{"rendered":"Conques"},"content":{"rendered":"\n<h2 class=\"wp-block-heading\">Referenzen<\/h2>\n\n\n\n<p><a href=\"https:\/\/www.visit-occitanie.com\/de\/entdecken\/top-sehenswuerdigkeiten\/conques\/\">Occitanie<\/a><br><a href=\"https:\/\/www.les-plus-beaux-villages-de-france.org\/fr\/nos-villages\/conques\/\">Les Plus Beaux Villages de France<\/a><\/p>\n\n\n\n<h2 class=\"wp-block-heading\">Einleitung<\/h2>\n\n\n\n<p>Aus dem Reisef\u00fchrer MP<\/p>\n\n\n\n<p>Der kleine Pilgerort liegt einsam in den W\u00e4ldern hoch \u00fcber dem Zusammenfluss von Dourdou und Ouche. Wer sich dem mittelalterlichen Conques auf dem Pilgerweg GR 65 von Le Puy n\u00e4hert, realisiert sp\u00e4testens, wenn er unvermittelt tief unter sich an den steilen H\u00e4ngen die dunkelroten Sandsteinh\u00e4user mit ihren grauen Schieferd\u00e4chern entdeckt, dass man nicht eben mal so geschwind nach Conques pilgert. Den Besuch dieses Kleinods muss man sich auf den letzten Metern des steilen Abstieges regelrecht verdienen.<\/p>\n\n\n\n<figure class=\"wp-block-image size-large\"><img loading=\"lazy\" decoding=\"async\" width=\"1024\" height=\"661\" src=\"https:\/\/www.viscardi.ch\/USA2024\/wp-content\/uploads\/2024\/08\/image-23-1024x661.png\" alt=\"\" class=\"wp-image-1778\" srcset=\"https:\/\/www.viscardi.ch\/USA2024\/wp-content\/uploads\/2024\/08\/image-23-1024x661.png 1024w, https:\/\/www.viscardi.ch\/USA2024\/wp-content\/uploads\/2024\/08\/image-23-300x194.png 300w, https:\/\/www.viscardi.ch\/USA2024\/wp-content\/uploads\/2024\/08\/image-23-768x496.png 768w, https:\/\/www.viscardi.ch\/USA2024\/wp-content\/uploads\/2024\/08\/image-23-1000x646.png 1000w, https:\/\/www.viscardi.ch\/USA2024\/wp-content\/uploads\/2024\/08\/image-23-230x149.png 230w, https:\/\/www.viscardi.ch\/USA2024\/wp-content\/uploads\/2024\/08\/image-23-350x226.png 350w, https:\/\/www.viscardi.ch\/USA2024\/wp-content\/uploads\/2024\/08\/image-23-480x310.png 480w, https:\/\/www.viscardi.ch\/USA2024\/wp-content\/uploads\/2024\/08\/image-23.png 1418w\" sizes=\"(max-width: 1024px) 100vw, 1024px\" \/><\/figure>\n\n\n\n<p>Zusammen mit Lourdes und Rocamadour z\u00e4hlt Conques mit seiner weltber\u00fchmten dreit\u00fcrmigen Abteikirche zu den wichtigsten und bekanntesten Pilgerst\u00e4tten der Midi-Pyr\u00e9n\u00e9es und geh\u00f6rt selbstverst\u00e4ndlich zum Weltkulturerbe der UNESCO. Conques enge mittelalterliche Gassen f\u00fcllen sich in den Sommermonaten mit bunten Rucks\u00e4cken, an denen Anoraks und Jakobsmuscheln baumeln, und das h\u00e4mmernde und schleifende Ger\u00e4usch der Wanderst\u00f6cke auf dem Kopfsteinpflaster schallt durch die Stra\u00dfen.<\/p>\n\n\n\n<figure class=\"wp-block-image size-large\"><img loading=\"lazy\" decoding=\"async\" width=\"1024\" height=\"554\" src=\"https:\/\/www.viscardi.ch\/USA2024\/wp-content\/uploads\/2024\/08\/image-24-1024x554.png\" alt=\"\" class=\"wp-image-1779\" srcset=\"https:\/\/www.viscardi.ch\/USA2024\/wp-content\/uploads\/2024\/08\/image-24-1024x554.png 1024w, https:\/\/www.viscardi.ch\/USA2024\/wp-content\/uploads\/2024\/08\/image-24-300x162.png 300w, https:\/\/www.viscardi.ch\/USA2024\/wp-content\/uploads\/2024\/08\/image-24-768x415.png 768w, https:\/\/www.viscardi.ch\/USA2024\/wp-content\/uploads\/2024\/08\/image-24-1536x831.png 1536w, https:\/\/www.viscardi.ch\/USA2024\/wp-content\/uploads\/2024\/08\/image-24-2048x1108.png 2048w, https:\/\/www.viscardi.ch\/USA2024\/wp-content\/uploads\/2024\/08\/image-24-1000x541.png 1000w, https:\/\/www.viscardi.ch\/USA2024\/wp-content\/uploads\/2024\/08\/image-24-230x124.png 230w, https:\/\/www.viscardi.ch\/USA2024\/wp-content\/uploads\/2024\/08\/image-24-350x189.png 350w, https:\/\/www.viscardi.ch\/USA2024\/wp-content\/uploads\/2024\/08\/image-24-480x260.png 480w\" sizes=\"(max-width: 1024px) 100vw, 1024px\" \/><\/figure>\n\n\n\n<h2 class=\"wp-block-heading\">Sehensw\u00fcrdigkeiten<\/h2>\n\n\n\n<p><strong>Abbatiale Sainte-Foy: <\/strong><br>Schnell wurde die urspr\u00fcngliche Kapelle mit dem Neuzugang der Reliquien der heiligen Fides f\u00fcr die steigende Pilgerzahl zu klein und man errichtete eine erste Basilika. Im 11. Jh. folgte dann der Bau der heutigen romanischen Abteikirche. Die Architektur dieser Kirche diente als Vorbild f\u00fcr die sp\u00e4ter gebauten Pilger-Basiliken von Saint-Sernin in Toulouse und Saint-Jacques in Santiago de Compostela. Das Tympanon \u00fcber dem Westportal ist ein Meisterwerk der romanischen Bildhauerkunst der ersten H\u00e4lfte des 12. Jh. und stellt das J\u00fcngste Gericht in einer Art Bildabfolge dar. Christus im Zentrum urteilt \u00fcber das Schicksal von 124 in Stein gemei\u00dfelten Figuren. Die Darstellung ist in der Mitte zweigeteilt, Christus rechter erhobener Arm weist zum Paradies und sein gesenkter linker Arm zur H\u00f6lle. Faszinierend ist auch, dass sich im Laufe des Tages mit wechselnden Lichtverh\u00e4ltnissen die Ausstrahlung der steinernen Gesichter \u00e4ndert.<\/p>\n\n\n\n<figure class=\"wp-block-image size-large\"><img loading=\"lazy\" decoding=\"async\" width=\"1024\" height=\"744\" src=\"https:\/\/www.viscardi.ch\/USA2024\/wp-content\/uploads\/2024\/08\/image-26-1024x744.png\" alt=\"\" class=\"wp-image-1781\" srcset=\"https:\/\/www.viscardi.ch\/USA2024\/wp-content\/uploads\/2024\/08\/image-26-1024x744.png 1024w, https:\/\/www.viscardi.ch\/USA2024\/wp-content\/uploads\/2024\/08\/image-26-300x218.png 300w, https:\/\/www.viscardi.ch\/USA2024\/wp-content\/uploads\/2024\/08\/image-26-768x558.png 768w, https:\/\/www.viscardi.ch\/USA2024\/wp-content\/uploads\/2024\/08\/image-26-1536x1116.png 1536w, https:\/\/www.viscardi.ch\/USA2024\/wp-content\/uploads\/2024\/08\/image-26-2048x1488.png 2048w, https:\/\/www.viscardi.ch\/USA2024\/wp-content\/uploads\/2024\/08\/image-26-1000x727.png 1000w, https:\/\/www.viscardi.ch\/USA2024\/wp-content\/uploads\/2024\/08\/image-26-550x400.png 550w, https:\/\/www.viscardi.ch\/USA2024\/wp-content\/uploads\/2024\/08\/image-26-230x167.png 230w, https:\/\/www.viscardi.ch\/USA2024\/wp-content\/uploads\/2024\/08\/image-26-350x254.png 350w, https:\/\/www.viscardi.ch\/USA2024\/wp-content\/uploads\/2024\/08\/image-26-480x349.png 480w\" sizes=\"(max-width: 1024px) 100vw, 1024px\" \/><\/figure>\n\n\n\n<p>Kirchenschatz: \u00dcber den Kreuzgang gelangt man zum \u201eAllerheiligsten&#8220; von Conques, zum Kirchenschatz. Er vermittelt ein beeindruckendes Gesamtbild der Geschichte der franz\u00f6sischen sakralen Goldschmiedekunst vom 9. bis zum 16. Jh. Der wichtigste und wertvollste \u201eSchatz&#8220; ist die mit Blattgold \u00fcberzogene, h\u00f6lzerne Reliquienstatue der Sainte-Foy, deren Kopf aus dem 5. Jh. und deren K\u00f6rper aus dem 10. Jh. stammt. Auch ihr Reliquienschrein, der angeblich noch die sterblichen \u00dcberreste der Heiligen enth\u00e4lt, ist zu bestaunen. In dem Manuskript \u201eLivre des miracles&#8220; (Buch der Wunder) sind alle von ihr verursachten Wunder haarklein verzeichnet.<\/p>\n\n\n\n<p>Mus\u00e9e Joseph Fau: Benannt ist das Museum nach Joseph Fau, einem ehemaligen B\u00fcrgermeister von Conques (1953-77). Zu sehen sind in dem alten Geb\u00e4ude gegen\u00fcber dem Pilgerbrunnen haupts\u00e4chlich M\u00f6bel sowie Einrichtungsgegenst\u00e4nde aus dem 17.\/18. Jh., u. a. Wandteppiche, auf denen Szenen aus dem Leben der Maria Magdalena dargestellt sind. Des Weiteren sind hier Steindenkm\u00e4ler und die romanischen Kapitelle des ehemaligen Kreuzgangs aufbewahrt.<\/p>\n\n\n\n<figure class=\"wp-block-image size-large\"><img loading=\"lazy\" decoding=\"async\" width=\"806\" height=\"1024\" src=\"https:\/\/www.viscardi.ch\/USA2024\/wp-content\/uploads\/2024\/08\/image-25-806x1024.png\" alt=\"\" class=\"wp-image-1780\" srcset=\"https:\/\/www.viscardi.ch\/USA2024\/wp-content\/uploads\/2024\/08\/image-25-806x1024.png 806w, https:\/\/www.viscardi.ch\/USA2024\/wp-content\/uploads\/2024\/08\/image-25-236x300.png 236w, https:\/\/www.viscardi.ch\/USA2024\/wp-content\/uploads\/2024\/08\/image-25-768x976.png 768w, https:\/\/www.viscardi.ch\/USA2024\/wp-content\/uploads\/2024\/08\/image-25-1208x1536.png 1208w, https:\/\/www.viscardi.ch\/USA2024\/wp-content\/uploads\/2024\/08\/image-25-1611x2048.png 1611w, https:\/\/www.viscardi.ch\/USA2024\/wp-content\/uploads\/2024\/08\/image-25-1000x1271.png 1000w, https:\/\/www.viscardi.ch\/USA2024\/wp-content\/uploads\/2024\/08\/image-25-230x292.png 230w, https:\/\/www.viscardi.ch\/USA2024\/wp-content\/uploads\/2024\/08\/image-25-350x445.png 350w, https:\/\/www.viscardi.ch\/USA2024\/wp-content\/uploads\/2024\/08\/image-25-480x610.png 480w, https:\/\/www.viscardi.ch\/USA2024\/wp-content\/uploads\/2024\/08\/image-25.png 1792w\" sizes=\"(max-width: 806px) 100vw, 806px\" \/><\/figure>\n\n\n\n<blockquote class=\"wp-block-quote is-layout-flow wp-block-quote-is-layout-flow\">\n<p><strong>Der fromme Diebstahl<br><\/strong>Es kursieren zwei Versionen, wie die Reliquien der heiligen Fides (Sainte-Foy) von Agen nach Conques gelangt sein sollen. Eine recht n\u00fcchterne Version besagt, dass die Reliquien beim Einfall der Normannen nach Conques in Sicherheit gebracht wurden.<br>Die andere, viel nettere Version berichtet von einer recht unr\u00fchmlichen Art und Weise der Umsiedlung. Der Geschichte nach gab es im 9. Jh. in Conques einen M\u00f6nch, der die heilige Fides so stark verehrte, dass er kurzerhand beschloss, ihre sterblichen \u00dcberreste von Agen nach Conques zu \u201e\u00fcberf\u00fchren&#8220;, um die Dame seines Herzens immer in seiner N\u00e4he zu haben. Er arbeitete fast 10 Jahre lang auf diese Gelegenheit hin. Erst wurde er Pilger in Agen, dann Mitglied der Gemeinschaft am Grabe der heiligen Fides. Als ihm schlie\u00dflich der hei\u00df ersehnte Posten des Reliquienw\u00e4chters \u00fcbertragen wurde, gab es f\u00fcr den M\u00f6nch kein Halten mehr. Kurzerhand stahl er das Objekt seiner Begierde und brachte es nach Conques. Den Reliquien tat der Ortswechsel anscheinend gut, denn Sainte-Foy soll in Conques noch mehr Wunder vollbracht haben, als sie es schon in Agen getan hatte. Diese Wunder der M\u00e4rtyrerin gingen sp\u00e4ter als \u201ejeux et badinages de Sainte-Foy&#8220; (Spiele und Scherze der heiligen Fides) in die Geschichte ein.<\/p>\n<\/blockquote>\n","protected":false},"excerpt":{"rendered":"<p>Referenzen OccitanieLes Plus Beaux Villages de France Einleitung Aus dem Reisef\u00fchrer MP Der kleine Pilgerort liegt einsam in den W\u00e4ldern hoch \u00fcber dem Zusammenfluss von Dourdou und Ouche. Wer sich dem mittelalterlichen Conques auf dem Pilgerweg GR 65 von Le Puy n\u00e4hert, realisiert sp\u00e4testens, wenn er unvermittelt tief unter sich [&hellip;]<\/p>\n","protected":false},"author":1,"featured_media":1782,"parent":0,"menu_order":0,"comment_status":"closed","ping_status":"closed","template":"","meta":{"pgc_sgb_lightbox_settings":"","footnotes":""},"class_list":["post-1777","page","type-page","status-publish","has-post-thumbnail","hentry"],"_links":{"self":[{"href":"https:\/\/www.viscardi.ch\/USA2024\/wp-json\/wp\/v2\/pages\/1777"}],"collection":[{"href":"https:\/\/www.viscardi.ch\/USA2024\/wp-json\/wp\/v2\/pages"}],"about":[{"href":"https:\/\/www.viscardi.ch\/USA2024\/wp-json\/wp\/v2\/types\/page"}],"author":[{"embeddable":true,"href":"https:\/\/www.viscardi.ch\/USA2024\/wp-json\/wp\/v2\/users\/1"}],"replies":[{"embeddable":true,"href":"https:\/\/www.viscardi.ch\/USA2024\/wp-json\/wp\/v2\/comments?post=1777"}],"version-history":[{"count":1,"href":"https:\/\/www.viscardi.ch\/USA2024\/wp-json\/wp\/v2\/pages\/1777\/revisions"}],"predecessor-version":[{"id":1783,"href":"https:\/\/www.viscardi.ch\/USA2024\/wp-json\/wp\/v2\/pages\/1777\/revisions\/1783"}],"wp:featuredmedia":[{"embeddable":true,"href":"https:\/\/www.viscardi.ch\/USA2024\/wp-json\/wp\/v2\/media\/1782"}],"wp:attachment":[{"href":"https:\/\/www.viscardi.ch\/USA2024\/wp-json\/wp\/v2\/media?parent=1777"}],"curies":[{"name":"wp","href":"https:\/\/api.w.org\/{rel}","templated":true}]}}