{"id":1798,"date":"2024-08-26T20:23:23","date_gmt":"2024-08-26T20:23:23","guid":{"rendered":"https:\/\/www.viscardi.ch\/USA2024\/?page_id=1798"},"modified":"2024-09-07T08:03:01","modified_gmt":"2024-09-07T08:03:01","slug":"2-so-240916","status":"publish","type":"page","link":"https:\/\/www.viscardi.ch\/USA2024\/2-so-240916\/","title":{"rendered":"2 | MO 240916"},"content":{"rendered":"\n<p>Heute fahren wir durch das Herz Frankreich&#8217;s: vom Burgund geht&#8217;s \u00fcber die Auvergne in die Region Rouergue. Wir werden ein paar D\u00f6rfchen und St\u00e4dtchen anschauen und auch die Fahrt durch das Land geniessen. Dichte W\u00e4lder werden sich mit Hochebenen und Schluchten abwechseln. Es wird ein anstrengender aber sch\u00f6ner Tag!<\/p>\n\n\n\n<hr class=\"wp-block-separator has-alpha-channel-opacity\"\/>\n\n\n\n<h2 class=\"wp-block-heading\">Route<\/h2>\n\n\n\n<figure class=\"wp-block-image size-large\"><img loading=\"lazy\" decoding=\"async\" width=\"800\" height=\"1024\" src=\"https:\/\/www.viscardi.ch\/USA2024\/wp-content\/uploads\/2024\/08\/image-31-800x1024.png\" alt=\"\" class=\"wp-image-1800\" srcset=\"https:\/\/www.viscardi.ch\/USA2024\/wp-content\/uploads\/2024\/08\/image-31-800x1024.png 800w, https:\/\/www.viscardi.ch\/USA2024\/wp-content\/uploads\/2024\/08\/image-31-234x300.png 234w, https:\/\/www.viscardi.ch\/USA2024\/wp-content\/uploads\/2024\/08\/image-31-768x983.png 768w, https:\/\/www.viscardi.ch\/USA2024\/wp-content\/uploads\/2024\/08\/image-31-1201x1536.png 1201w, https:\/\/www.viscardi.ch\/USA2024\/wp-content\/uploads\/2024\/08\/image-31-1601x2048.png 1601w, https:\/\/www.viscardi.ch\/USA2024\/wp-content\/uploads\/2024\/08\/image-31-1000x1279.png 1000w, https:\/\/www.viscardi.ch\/USA2024\/wp-content\/uploads\/2024\/08\/image-31-230x294.png 230w, https:\/\/www.viscardi.ch\/USA2024\/wp-content\/uploads\/2024\/08\/image-31-350x448.png 350w, https:\/\/www.viscardi.ch\/USA2024\/wp-content\/uploads\/2024\/08\/image-31-480x614.png 480w\" sizes=\"(max-width: 800px) 100vw, 800px\" \/><\/figure>\n\n\n\n<h2 class=\"wp-block-heading\">Zeitplan<\/h2>\n\n\n\n<pre class=\"wp-block-preformatted\" style=\"font-size:15px\">09:30. \ud83c\udfe8 CHECKOUT Les Clos (est 00:00| pld 00:00) (est 00:00| pld 00:00)<br><br>09:30 bis 12:45. \u25b6\ufe0f Iguarande - Lavo\u00fbte-Chilhac (est 03:06| pld 03:15| 181km<br><br>12:45 bis 13:15 \ud83c\udff0 Lavo\u00fbte-Chilhac (est 00:30| pld 00:30)<\/pre>\n\n\n\n<figure class=\"wp-block-embed is-type-wp-embed is-provider-occitanie-2024 wp-block-embed-occitanie-2024\"><div class=\"wp-block-embed__wrapper\">\n<blockquote class=\"wp-embedded-content\" data-secret=\"gW7LjAgNPq\"><a href=\"https:\/\/www.viscardi.ch\/USA2024\/lavoute-chilhac\/\">Lavo\u00fbte-Chilhac<\/a><\/blockquote><iframe loading=\"lazy\" class=\"wp-embedded-content\" sandbox=\"allow-scripts\" security=\"restricted\" style=\"position: absolute; visibility: hidden;\" title=\"&#8222;Lavo\u00fbte-Chilhac&#8220; &#8212; Occitanie 2024\" src=\"https:\/\/www.viscardi.ch\/USA2024\/lavoute-chilhac\/embed\/#?secret=Fu2WWLUEuy#?secret=gW7LjAgNPq\" data-secret=\"gW7LjAgNPq\" width=\"600\" height=\"338\" frameborder=\"0\" marginwidth=\"0\" marginheight=\"0\" scrolling=\"no\"><\/iframe>\n<\/div><\/figure>\n\n\n\n<pre class=\"wp-block-preformatted is-style-sydney-no-margin\" style=\"font-size:15px\">13:15 bis 15:15. \u25b6\ufe0f Lavo\u00fbte-Chilhac - Laguiole (est 01:51| pld 02:00| 101km)<br><br>15:15 bis 16:00. \ud83c\udff0 Laguiole (est 00:30| pld 00:45)<\/pre>\n\n\n\n<figure class=\"wp-block-embed is-type-wp-embed is-provider-occitanie-2024 wp-block-embed-occitanie-2024\"><div class=\"wp-block-embed__wrapper\">\n<blockquote class=\"wp-embedded-content\" data-secret=\"65B5WD5ppV\"><a href=\"https:\/\/www.viscardi.ch\/USA2024\/laguiole\/\">Laguiole<\/a><\/blockquote><iframe loading=\"lazy\" class=\"wp-embedded-content\" sandbox=\"allow-scripts\" security=\"restricted\" style=\"position: absolute; visibility: hidden;\" title=\"&#8222;Laguiole&#8220; &#8212; Occitanie 2024\" src=\"https:\/\/www.viscardi.ch\/USA2024\/laguiole\/embed\/#?secret=q52dv1onNP#?secret=65B5WD5ppV\" data-secret=\"65B5WD5ppV\" width=\"600\" height=\"338\" frameborder=\"0\" marginwidth=\"0\" marginheight=\"0\" scrolling=\"no\"><\/iframe>\n<\/div><\/figure>\n\n\n\n<pre class=\"wp-block-preformatted\" style=\"font-size:15px\">16:00 bis 16:40. \u25b6\ufe0f Laguiole - Saint Come d'Olt (est 00:33| pld 00:40| 31km)<br><br>16:40 bis 17:25. \ud83c\udff0 Saint Come d'Olt (est 00:45| pld 00:45)<\/pre>\n\n\n\n<figure class=\"wp-block-embed is-type-wp-embed is-provider-occitanie-2024 wp-block-embed-occitanie-2024\"><div class=\"wp-block-embed__wrapper\">\n<blockquote class=\"wp-embedded-content\" data-secret=\"wFmVAMAWZt\"><a href=\"https:\/\/www.viscardi.ch\/USA2024\/saint-come-dolt\/\">Saint Come d&#8217;Olt<\/a><\/blockquote><iframe loading=\"lazy\" class=\"wp-embedded-content\" sandbox=\"allow-scripts\" security=\"restricted\" style=\"position: absolute; visibility: hidden;\" title=\"&#8222;Saint Come d&#8217;Olt&#8220; &#8212; Occitanie 2024\" src=\"https:\/\/www.viscardi.ch\/USA2024\/saint-come-dolt\/embed\/#?secret=s5Kx16qVi2#?secret=wFmVAMAWZt\" data-secret=\"wFmVAMAWZt\" width=\"600\" height=\"338\" frameborder=\"0\" marginwidth=\"0\" marginheight=\"0\" scrolling=\"no\"><\/iframe>\n<\/div><\/figure>\n\n\n\n<pre class=\"wp-block-preformatted is-style-sydney-no-margin\" style=\"font-size:15px\">17:30 bis 18:15. \u25b6\ufe0f Saint Come d'Olt - Entaygues-sur-Truy\u00e8re (est 00:31| pld 00:45| 31km)<br><br>18:15 bis 18:45. \ud83c\udfe8 CHECKIN XXXX (est 00:30| pld 00:30)<\/pre>\n\n\n\n<figure class=\"wp-block-embed is-type-wp-embed is-provider-occitanie-2024 wp-block-embed-occitanie-2024\"><div class=\"wp-block-embed__wrapper\">\n<blockquote class=\"wp-embedded-content\" data-secret=\"RG8tRfaX3R\"><a href=\"https:\/\/www.viscardi.ch\/USA2024\/clos-saint-georges-2\/\">\ud83c\udfe8 Clos Saint Georges<\/a><\/blockquote><iframe loading=\"lazy\" class=\"wp-embedded-content\" sandbox=\"allow-scripts\" security=\"restricted\" style=\"position: absolute; visibility: hidden;\" title=\"&#8222;\ud83c\udfe8 Clos Saint Georges&#8220; &#8212; Occitanie 2024\" src=\"https:\/\/www.viscardi.ch\/USA2024\/clos-saint-georges-2\/embed\/#?secret=NhnzkAddRx#?secret=RG8tRfaX3R\" data-secret=\"RG8tRfaX3R\" width=\"600\" height=\"338\" frameborder=\"0\" marginwidth=\"0\" marginheight=\"0\" scrolling=\"no\"><\/iframe>\n<\/div><\/figure>\n\n\n\n<pre class=\"wp-block-preformatted is-style-sydney-no-margin\" style=\"font-size:15px\"><br>18:45 bis 20:45. \ud83c\udff0\ud83e\udd69 Entaygues-sur-Truy\u00e8re inkl. Abendessen (est 02:30| pld 03:00)<\/pre>\n\n\n\n<p class=\"is-style-sydney-no-margin\"><\/p>\n\n\n\n<figure class=\"wp-block-embed is-provider-wordpress wp-block-embed-wordpress\"><div class=\"wp-block-embed__wrapper\">\nhttps:\/\/www.viscardi.ch\/occitanie\/entraygues-sur-truyere\n<\/div><\/figure>\n","protected":false},"excerpt":{"rendered":"<p>Heute fahren wir durch das Herz Frankreich&#8217;s: vom Burgund geht&#8217;s \u00fcber die Auvergne in die Region Rouergue. Wir werden ein paar D\u00f6rfchen und St\u00e4dtchen anschauen und auch die Fahrt durch das Land geniessen. Dichte W\u00e4lder werden sich mit Hochebenen und Schluchten abwechseln. Es wird ein anstrengender aber sch\u00f6ner Tag! Route [&hellip;]<\/p>\n","protected":false},"author":1,"featured_media":1799,"parent":0,"menu_order":0,"comment_status":"closed","ping_status":"closed","template":"","meta":{"pgc_sgb_lightbox_settings":"","footnotes":""},"class_list":["post-1798","page","type-page","status-publish","has-post-thumbnail","hentry"],"_links":{"self":[{"href":"https:\/\/www.viscardi.ch\/USA2024\/wp-json\/wp\/v2\/pages\/1798"}],"collection":[{"href":"https:\/\/www.viscardi.ch\/USA2024\/wp-json\/wp\/v2\/pages"}],"about":[{"href":"https:\/\/www.viscardi.ch\/USA2024\/wp-json\/wp\/v2\/types\/page"}],"author":[{"embeddable":true,"href":"https:\/\/www.viscardi.ch\/USA2024\/wp-json\/wp\/v2\/users\/1"}],"replies":[{"embeddable":true,"href":"https:\/\/www.viscardi.ch\/USA2024\/wp-json\/wp\/v2\/comments?post=1798"}],"version-history":[{"count":6,"href":"https:\/\/www.viscardi.ch\/USA2024\/wp-json\/wp\/v2\/pages\/1798\/revisions"}],"predecessor-version":[{"id":1832,"href":"https:\/\/www.viscardi.ch\/USA2024\/wp-json\/wp\/v2\/pages\/1798\/revisions\/1832"}],"wp:featuredmedia":[{"embeddable":true,"href":"https:\/\/www.viscardi.ch\/USA2024\/wp-json\/wp\/v2\/media\/1799"}],"wp:attachment":[{"href":"https:\/\/www.viscardi.ch\/USA2024\/wp-json\/wp\/v2\/media?parent=1798"}],"curies":[{"name":"wp","href":"https:\/\/api.w.org\/{rel}","templated":true}]}}