{"id":1803,"date":"2024-08-26T20:27:44","date_gmt":"2024-08-26T20:27:44","guid":{"rendered":"https:\/\/www.viscardi.ch\/USA2024\/?page_id=1803"},"modified":"2024-08-27T06:56:13","modified_gmt":"2024-08-27T06:56:13","slug":"route-240916","status":"publish","type":"page","link":"https:\/\/www.viscardi.ch\/USA2024\/route-240916\/","title":{"rendered":"ROUTE 240916"},"content":{"rendered":"\n<figure class=\"wp-block-table is-style-stripes has-large-font-size\"><table class=\"has-fixed-layout\"><tbody><tr><td class=\"has-text-align-center\" data-align=\"center\">365km<\/td><td class=\"has-text-align-center\" data-align=\"center\">7h05<\/td><td class=\"has-text-align-center\" data-align=\"center\">3 Stopps<\/td><\/tr><\/tbody><\/table><\/figure>\n\n\n\n<p>Hier die interaktive Google Map. Es ist zu beachten, dass hier die k\u00fcrzeste Route gezeigt wird:<\/p>\n\n\n\n<iframe src=\"https:\/\/www.google.com\/maps\/embed?pb=!1m46!1m12!1m3!1d514437.9991070345!2d3.177108126059056!3d45.376091575939235!2m3!1f0!2f0!3f0!3m2!1i1024!2i768!4f13.1!4m31!3e0!4m5!1s0x47f3f757f6e59e79%3A0xee4b4efa7486a2a5!2s71340%20Iguerande%2C%20Frankreich!3m2!1d46.206398!2d4.0772449!4m5!1s0x47f63c4c13d9e8f9%3A0xc79f3a2ccf67aa9a!2sLavo%C3%BBte-Chilhac%2C%20Frankreich!3m2!1d45.147678!2d3.401795!4m5!1s0x12b2c19326ba0687%3A0x14bfab639a3bcff0!2sLaguiole%2C%20Frankreich!3m2!1d44.683578999999995!2d2.845605!4m5!1s0x12b2ed9fbaca3861%3A0x406f69c2f430b20!2sSaint-C%C3%B4me-d&#39;Olt%2C%20Frankreich!3m2!1d44.515336!2d2.81481!4m5!1s0x12ad615f0b43dd53%3A0x75bc4962d36079b7!2sConques%2C%20Conques-en-Rouergue%2C%20Frankreich!3m2!1d44.599402!2d2.3960369999999998!5e0!3m2!1sde!2sch!4v1724703779409!5m2!1sde!2sch\" width=\"800\" height=\"600\" style=\"border:0;\" allowfullscreen=\"\" loading=\"lazy\" referrerpolicy=\"no-referrer-when-downgrade\"><\/iframe>\n\n\n\n<p>Heute geht&#8217;s weiter durch&#8217;s Massif Central: viel Natur und da und dort ein D\u00f6rfchen! Wir planen m\u00f6glichst viel ohne Autobahn zu fahren &#8211; aber zeitlich kann es knapp werden. We will see!<\/p>\n\n\n\n<p>Hier die Strecke ohne Autobahn, wie sie beabsichtigt ist:<\/p>\n\n\n\n<figure class=\"wp-block-image size-large\"><img loading=\"lazy\" decoding=\"async\" width=\"800\" height=\"1024\" src=\"https:\/\/www.viscardi.ch\/USA2024\/wp-content\/uploads\/2024\/08\/image-31-800x1024.png\" alt=\"\" class=\"wp-image-1800\" srcset=\"https:\/\/www.viscardi.ch\/USA2024\/wp-content\/uploads\/2024\/08\/image-31-800x1024.png 800w, https:\/\/www.viscardi.ch\/USA2024\/wp-content\/uploads\/2024\/08\/image-31-234x300.png 234w, https:\/\/www.viscardi.ch\/USA2024\/wp-content\/uploads\/2024\/08\/image-31-768x983.png 768w, https:\/\/www.viscardi.ch\/USA2024\/wp-content\/uploads\/2024\/08\/image-31-1201x1536.png 1201w, https:\/\/www.viscardi.ch\/USA2024\/wp-content\/uploads\/2024\/08\/image-31-1601x2048.png 1601w, https:\/\/www.viscardi.ch\/USA2024\/wp-content\/uploads\/2024\/08\/image-31-1000x1279.png 1000w, https:\/\/www.viscardi.ch\/USA2024\/wp-content\/uploads\/2024\/08\/image-31-230x294.png 230w, https:\/\/www.viscardi.ch\/USA2024\/wp-content\/uploads\/2024\/08\/image-31-350x448.png 350w, https:\/\/www.viscardi.ch\/USA2024\/wp-content\/uploads\/2024\/08\/image-31-480x614.png 480w\" sizes=\"(max-width: 800px) 100vw, 800px\" \/><\/figure>\n","protected":false},"excerpt":{"rendered":"<p>365km 7h05 3 Stopps Hier die interaktive Google Map. Es ist zu beachten, dass hier die k\u00fcrzeste Route gezeigt wird: Heute geht&#8217;s weiter durch&#8217;s Massif Central: viel Natur und da und dort ein D\u00f6rfchen! Wir planen m\u00f6glichst viel ohne Autobahn zu fahren &#8211; aber zeitlich kann es knapp werden. We [&hellip;]<\/p>\n","protected":false},"author":1,"featured_media":0,"parent":0,"menu_order":0,"comment_status":"closed","ping_status":"closed","template":"","meta":{"pgc_sgb_lightbox_settings":"","footnotes":""},"class_list":["post-1803","page","type-page","status-publish","hentry"],"_links":{"self":[{"href":"https:\/\/www.viscardi.ch\/USA2024\/wp-json\/wp\/v2\/pages\/1803"}],"collection":[{"href":"https:\/\/www.viscardi.ch\/USA2024\/wp-json\/wp\/v2\/pages"}],"about":[{"href":"https:\/\/www.viscardi.ch\/USA2024\/wp-json\/wp\/v2\/types\/page"}],"author":[{"embeddable":true,"href":"https:\/\/www.viscardi.ch\/USA2024\/wp-json\/wp\/v2\/users\/1"}],"replies":[{"embeddable":true,"href":"https:\/\/www.viscardi.ch\/USA2024\/wp-json\/wp\/v2\/comments?post=1803"}],"version-history":[{"count":3,"href":"https:\/\/www.viscardi.ch\/USA2024\/wp-json\/wp\/v2\/pages\/1803\/revisions"}],"predecessor-version":[{"id":1824,"href":"https:\/\/www.viscardi.ch\/USA2024\/wp-json\/wp\/v2\/pages\/1803\/revisions\/1824"}],"wp:attachment":[{"href":"https:\/\/www.viscardi.ch\/USA2024\/wp-json\/wp\/v2\/media?parent=1803"}],"curies":[{"name":"wp","href":"https:\/\/api.w.org\/{rel}","templated":true}]}}