{"id":1808,"date":"2024-08-26T20:53:54","date_gmt":"2024-08-26T20:53:54","guid":{"rendered":"https:\/\/www.viscardi.ch\/USA2024\/?page_id=1808"},"modified":"2024-08-26T20:57:06","modified_gmt":"2024-08-26T20:57:06","slug":"clos-saint-georges-2","status":"publish","type":"page","link":"https:\/\/www.viscardi.ch\/USA2024\/clos-saint-georges-2\/","title":{"rendered":"\ud83c\udfe8 Clos Saint Georges"},"content":{"rendered":"\n<div class=\"wp-block-buttons is-layout-flex wp-block-buttons-is-layout-flex\">\n<div class=\"wp-block-button has-custom-width wp-block-button__width-100\"><a class=\"wp-block-button__link has-vivid-green-cyan-background-color has-background wp-element-button\">STORNIERBAR GEBUCHT (&lt;1.9., 23:59)<\/a><\/div>\n<\/div>\n\n\n\n<h2 class=\"wp-block-heading\">Referenzen<\/h2>\n\n\n\n<p><a href=\"https:\/\/secure.booking.com\/confirmation.de.html?label=gen173nr-1FCAEoggI46AdIB1gEaCyIAQGYAQe4AQfIAQzYAQHoAQH4AQKIAgGoAgO4AtimorYGwAIB0gIkZDZiMDkxODctODQxMS00YzczLTk1NDctMTgyMzljNzNlMGEx2AIF4AIB&amp;sid=4d638770ccde00c4f4b5cd0730bba896&amp;aid=304142&amp;auth_key=2iwZPNBnGnA2W632&amp;source=mytrips\">Booking.com<\/a><\/p>\n\n\n\n<h2 class=\"wp-block-heading\"><a href=\"https:\/\/www.booking.com\/hotel\/fr\/le-clos-st-georges.de.html?label=gen173nr-1FCAEoggI46AdIB1gEaCyIAQGYAQe4AQfIAQzYAQHoAQH4AQKIAgGoAgO4AtimorYGwAIB0gIkZDZiMDkxODctODQxMS00YzczLTk1NDctMTgyMzljNzNlMGEx2AIF4AIB&amp;sid=4d638770ccde00c4f4b5cd0730bba896&amp;aid=304142\">Unterkunft<\/a><\/h2>\n\n\n\n<figure class=\"wp-block-image size-large\"><img loading=\"lazy\" decoding=\"async\" width=\"1024\" height=\"537\" src=\"https:\/\/www.viscardi.ch\/USA2024\/wp-content\/uploads\/2024\/08\/image-28-1024x537.png\" alt=\"\" class=\"wp-image-1787\" srcset=\"https:\/\/www.viscardi.ch\/USA2024\/wp-content\/uploads\/2024\/08\/image-28-1024x537.png 1024w, https:\/\/www.viscardi.ch\/USA2024\/wp-content\/uploads\/2024\/08\/image-28-300x157.png 300w, https:\/\/www.viscardi.ch\/USA2024\/wp-content\/uploads\/2024\/08\/image-28-768x403.png 768w, https:\/\/www.viscardi.ch\/USA2024\/wp-content\/uploads\/2024\/08\/image-28-1536x806.png 1536w, https:\/\/www.viscardi.ch\/USA2024\/wp-content\/uploads\/2024\/08\/image-28-1000x524.png 1000w, https:\/\/www.viscardi.ch\/USA2024\/wp-content\/uploads\/2024\/08\/image-28-230x121.png 230w, https:\/\/www.viscardi.ch\/USA2024\/wp-content\/uploads\/2024\/08\/image-28-350x184.png 350w, https:\/\/www.viscardi.ch\/USA2024\/wp-content\/uploads\/2024\/08\/image-28-480x252.png 480w, https:\/\/www.viscardi.ch\/USA2024\/wp-content\/uploads\/2024\/08\/image-28.png 2002w\" sizes=\"(max-width: 1024px) 100vw, 1024px\" \/><\/figure>\n\n\n\n<p>In einem renovierten Stadthaus aus dem 17. Jahrhundert bietet Ihnen dieses B&amp;B Zimmer mit einem eigenen Bad, die jeweils in einer anderen Farbe gestaltet sind. Mehrere Gesch\u00e4fte und Restaurants erreichen Sie in 5 Autominuten und kostenfreie Privatparkpl\u00e4tze stehen am Haus zur Verf\u00fcgung. Das mit Steinmauern und freiliegenden Holzbalken ausgestattete Cottage im Le Clos St Georges verf\u00fcgt \u00fcber eine ausgestattete K\u00fcche, einen Essbereich und eine Sitzecke mit einem LCD-TV und einem DVD-Player. Hausgemachte Marmeladen und Kuchen werden zum Fr\u00fchst\u00fcck angeboten. Frische Gerichte mit Gem\u00fcse aus eigenem Anbau erhalten Sie auf Anfrage zum Mittag- und Abendessen und Kindermen\u00fcs sind ebenfalls verf\u00fcgbar. <\/p>\n\n\n\n<figure class=\"wp-block-image size-large\"><img loading=\"lazy\" decoding=\"async\" width=\"1024\" height=\"871\" src=\"https:\/\/www.viscardi.ch\/USA2024\/wp-content\/uploads\/2024\/08\/image-29-1024x871.png\" alt=\"\" class=\"wp-image-1788\" srcset=\"https:\/\/www.viscardi.ch\/USA2024\/wp-content\/uploads\/2024\/08\/image-29-1024x871.png 1024w, https:\/\/www.viscardi.ch\/USA2024\/wp-content\/uploads\/2024\/08\/image-29-300x255.png 300w, https:\/\/www.viscardi.ch\/USA2024\/wp-content\/uploads\/2024\/08\/image-29-768x654.png 768w, https:\/\/www.viscardi.ch\/USA2024\/wp-content\/uploads\/2024\/08\/image-29-1536x1307.png 1536w, https:\/\/www.viscardi.ch\/USA2024\/wp-content\/uploads\/2024\/08\/image-29-1000x851.png 1000w, https:\/\/www.viscardi.ch\/USA2024\/wp-content\/uploads\/2024\/08\/image-29-230x196.png 230w, https:\/\/www.viscardi.ch\/USA2024\/wp-content\/uploads\/2024\/08\/image-29-350x298.png 350w, https:\/\/www.viscardi.ch\/USA2024\/wp-content\/uploads\/2024\/08\/image-29-480x408.png 480w, https:\/\/www.viscardi.ch\/USA2024\/wp-content\/uploads\/2024\/08\/image-29.png 1960w\" sizes=\"(max-width: 1024px) 100vw, 1024px\" \/><\/figure>\n\n\n\n<p>Kanufahren, Reiten und Angeln sind nur einige der Aktivit\u00e4ten, denen Sie in der Umgebung nachgehen k\u00f6nnen. Ein Schwimmbad und ein Tennisplatz sind 500 m entfernt. Den Bahnhof Rodez erreichen Sie nach 59 km und der Flughafen Aurillac ist 30 km entfernt.<\/p>\n\n\n\n<p>Paare sch\u00e4tzen die Lage besonders \u2013 sie haben diese mit&nbsp;<strong>9,5<\/strong>&nbsp;f\u00fcr einen Aufenthalt zu zweit bewertet.<\/p>\n\n\n\n<figure class=\"wp-block-image size-large\"><img loading=\"lazy\" decoding=\"async\" width=\"1024\" height=\"1022\" src=\"https:\/\/www.viscardi.ch\/USA2024\/wp-content\/uploads\/2024\/08\/image-27-1024x1022.png\" alt=\"\" class=\"wp-image-1786\" srcset=\"https:\/\/www.viscardi.ch\/USA2024\/wp-content\/uploads\/2024\/08\/image-27-1024x1022.png 1024w, https:\/\/www.viscardi.ch\/USA2024\/wp-content\/uploads\/2024\/08\/image-27-300x300.png 300w, https:\/\/www.viscardi.ch\/USA2024\/wp-content\/uploads\/2024\/08\/image-27-150x150.png 150w, https:\/\/www.viscardi.ch\/USA2024\/wp-content\/uploads\/2024\/08\/image-27-768x766.png 768w, https:\/\/www.viscardi.ch\/USA2024\/wp-content\/uploads\/2024\/08\/image-27-1536x1533.png 1536w, https:\/\/www.viscardi.ch\/USA2024\/wp-content\/uploads\/2024\/08\/image-27-1000x998.png 1000w, https:\/\/www.viscardi.ch\/USA2024\/wp-content\/uploads\/2024\/08\/image-27-230x230.png 230w, https:\/\/www.viscardi.ch\/USA2024\/wp-content\/uploads\/2024\/08\/image-27-350x349.png 350w, https:\/\/www.viscardi.ch\/USA2024\/wp-content\/uploads\/2024\/08\/image-27-480x479.png 480w, https:\/\/www.viscardi.ch\/USA2024\/wp-content\/uploads\/2024\/08\/image-27.png 1892w\" sizes=\"(max-width: 1024px) 100vw, 1024px\" \/><\/figure>\n\n\n\n<h2 class=\"wp-block-heading\">Buchung<\/h2>\n\n\n\n<figure class=\"wp-block-image size-large\"><img loading=\"lazy\" decoding=\"async\" width=\"1024\" height=\"670\" src=\"https:\/\/www.viscardi.ch\/USA2024\/wp-content\/uploads\/2024\/08\/image-30-1024x670.png\" alt=\"\" class=\"wp-image-1789\" srcset=\"https:\/\/www.viscardi.ch\/USA2024\/wp-content\/uploads\/2024\/08\/image-30-1024x670.png 1024w, https:\/\/www.viscardi.ch\/USA2024\/wp-content\/uploads\/2024\/08\/image-30-300x196.png 300w, https:\/\/www.viscardi.ch\/USA2024\/wp-content\/uploads\/2024\/08\/image-30-768x503.png 768w, https:\/\/www.viscardi.ch\/USA2024\/wp-content\/uploads\/2024\/08\/image-30-1000x655.png 1000w, https:\/\/www.viscardi.ch\/USA2024\/wp-content\/uploads\/2024\/08\/image-30-230x151.png 230w, https:\/\/www.viscardi.ch\/USA2024\/wp-content\/uploads\/2024\/08\/image-30-350x229.png 350w, https:\/\/www.viscardi.ch\/USA2024\/wp-content\/uploads\/2024\/08\/image-30-480x314.png 480w, https:\/\/www.viscardi.ch\/USA2024\/wp-content\/uploads\/2024\/08\/image-30.png 1454w\" sizes=\"(max-width: 1024px) 100vw, 1024px\" \/><\/figure>\n\n\n\n<h2 class=\"wp-block-heading\">Bemerkungen<\/h2>\n","protected":false},"excerpt":{"rendered":"<p>Referenzen Booking.com Unterkunft In einem renovierten Stadthaus aus dem 17. Jahrhundert bietet Ihnen dieses B&amp;B Zimmer mit einem eigenen Bad, die jeweils in einer anderen Farbe gestaltet sind. Mehrere Gesch\u00e4fte und Restaurants erreichen Sie in 5 Autominuten und kostenfreie Privatparkpl\u00e4tze stehen am Haus zur Verf\u00fcgung. Das mit Steinmauern und freiliegenden [&hellip;]<\/p>\n","protected":false},"author":1,"featured_media":1785,"parent":0,"menu_order":0,"comment_status":"closed","ping_status":"closed","template":"","meta":{"pgc_sgb_lightbox_settings":"","footnotes":""},"class_list":["post-1808","page","type-page","status-publish","has-post-thumbnail","hentry"],"_links":{"self":[{"href":"https:\/\/www.viscardi.ch\/USA2024\/wp-json\/wp\/v2\/pages\/1808"}],"collection":[{"href":"https:\/\/www.viscardi.ch\/USA2024\/wp-json\/wp\/v2\/pages"}],"about":[{"href":"https:\/\/www.viscardi.ch\/USA2024\/wp-json\/wp\/v2\/types\/page"}],"author":[{"embeddable":true,"href":"https:\/\/www.viscardi.ch\/USA2024\/wp-json\/wp\/v2\/users\/1"}],"replies":[{"embeddable":true,"href":"https:\/\/www.viscardi.ch\/USA2024\/wp-json\/wp\/v2\/comments?post=1808"}],"version-history":[{"count":3,"href":"https:\/\/www.viscardi.ch\/USA2024\/wp-json\/wp\/v2\/pages\/1808\/revisions"}],"predecessor-version":[{"id":1812,"href":"https:\/\/www.viscardi.ch\/USA2024\/wp-json\/wp\/v2\/pages\/1808\/revisions\/1812"}],"wp:featuredmedia":[{"embeddable":true,"href":"https:\/\/www.viscardi.ch\/USA2024\/wp-json\/wp\/v2\/media\/1785"}],"wp:attachment":[{"href":"https:\/\/www.viscardi.ch\/USA2024\/wp-json\/wp\/v2\/media?parent=1808"}],"curies":[{"name":"wp","href":"https:\/\/api.w.org\/{rel}","templated":true}]}}